{"id":2881,"date":"2020-05-26T16:38:12","date_gmt":"2020-05-26T14:38:12","guid":{"rendered":"https:\/\/dombud.com\/privacy-policy\/"},"modified":"2020-05-26T16:38:12","modified_gmt":"2020-05-26T14:38:12","slug":"privacy-policy","status":"publish","type":"page","link":"https:\/\/dombud.com\/en\/privacy-policy\/","title":{"rendered":"Privacy policy"},"content":{"rendered":"<h3>Szanowni Pa\u0144stwo,<\/h3>\n<p>W zwi\u0105zku z obowi\u0105zuj\u0105cymi przepisami\u00a0 Rozporz\u0105dzenia Parlamentu Europejskiego i Rady UE) \u00a0(2016\/679) z dnia 27 kwietnia 2016 roku w sprawie ochrony os\u00f3b fizycznych w zwi\u0105zku z przetwarzaniem danych osobowych i w sprawie swobodnego przep\u0142ywu takich danych oraz uchylenia dyrektywy 95\/46\/WE (RODO), (dalej RODO), na podstawie art. 13 ust.1 i ust.2 informujemy ,\u017ce:<\/p>\n<ol>\n<li>Administratorem Pana\/Pani danych osobowych przekazywanych w umowie i ofertach jest Przedsi\u0119biorstwo DOMBUD Sp. z o.o., ul. Le\u015bna 2, 63-430 Odolan\u00f3w, NIP: 622-000-65-68, zwany dalej \u201eAdministratorem\u201d.<\/li>\n<li>Dane kontaktowe Administratora Danych Osobowych Przedsi\u0119biorstwo DOMBUD Sp. z o.o., ul. Le\u015bna 2, 63-430 Odolan\u00f3w, NIP: 622-000-65-68, \u00a0adres e-mail <a href=\"mailto:iodo@dombud.com\">rodo@dombud.com<\/a>, nr tel: 62 733 33 53, adres do korespondencji ul. Le\u015bna 2, 63-430 Odolan\u00f3w.<\/li>\n<li>Celem przetwarzania danych osobowych, na podstawie Pani\/Pana zgody (art. 6 ust.1<br \/>\na RODO) jest realizacja i proces zawierania um\u00f3w.<\/li>\n<li>Podstaw\u0105 prawn\u0105 do przetwarzania danych osobowych jest RODO art. 6 ust. 1., administrator posiada r\u00f3wnie\u017c sporz\u0105dzon\u0105 Polityk\u0119 bezpiecze\u0144stwa oraz instrukcj\u0119 zarz\u0105dzania systemem informatycznym.<\/li>\n<li>Opieraj\u0105c si\u0119 na zgodno\u015bci z prawem do przetwarzania danych osobowych, sp\u00f3\u0142ka b\u0119dzie przetwarza\u0107 je w celu zawarcia, realizacji oraz zako\u0144czenia wykonywania umowy\n<ul>\n<li>Dane osobowe uzyskane od Pani\/Pana b\u0119d\u0105 podlega\u0142y udost\u0119pnieniu wy\u0142\u0105cznie podmiotom \u015bwiadcz\u0105cym us\u0142ugi dla Administratora danych osobowych.<\/li>\n<li>Dane udost\u0119pnione przez Pani\u0105\/Pana nie b\u0119d\u0105 podlega\u0142y przekazaniu do pa\u0144stwa trzeciego lub organizacji mi\u0119dzynarodowej.<\/li>\n<li>Zgodnie z RODO, przys\u0142uguje Pani\/Panu:<\/li>\n<li>Prawo dost\u0119pu do swoich danych oraz otrzymania ich kopii<\/li>\n<li>Prawo do sprostowania (poprawienia) swoich danych<\/li>\n<li>Prawo do usuni\u0119cia danych, ograniczenia przetwarzania danych<\/li>\n<li>Prawo do wniesienia sprzeciwu wobec przetwarzania danych<\/li>\n<li>Prawo do przenoszenia danych<\/li>\n<li>Prawo do wniesienia skargi do organu nadzorczego<\/li>\n<\/ul>\n<\/li>\n<\/ol>\n<ol start=\"12\">\n<li>Okres przetwarzania jest uzale\u017cniony zleceniobiorcy \u015bci\u015ble od wy\u017cej wymienionych cel\u00f3w i jest zgodny z obowi\u0105zuj\u0105cym stanem prawnym, b\u0105d\u017a w przypadku danych kontaktowych okres przetwarzania wyd\u0142u\u017ca si\u0119 do momentu ustania ich przydatno\u015bci.<\/li>\n<li>Dane osobowe b\u0119d\u0105 przechowywane przez okres realizacji umowy, a nast\u0119pnie na czas niezb\u0119dny do zabezpieczenia informacji na wypadek prawnej potrzeby wykazania fakt\u00f3w albo zabezpieczenia lub dochodzenia roszcze\u0144 i po tym czasie usuni\u0119te.<\/li>\n<li>Podanie danych ma charakter \u015bwiadomy i dobrowolny. W przypadku udost\u0119pnienia nam przez Pa\u0144stwa danych osobowych innych pracownik\u00f3w ni\u017c wskazanych w umowie prosimy o poinformowanie tych os\u00f3b o zakresie dost\u0119pu do danych przekazanych naszej Sp\u00f3\u0142ce, o tym, \u017ce Przedsi\u0119biorstwo DOMBUD jest Administratorem ich danych oraz o tym, \u017ce \u017ar\u00f3d\u0142em uzyskania przez nas ich danych jest Pa\u0144stwa Sp\u00f3\u0142ka.<\/li>\n<\/ol>\n<p>&nbsp;<\/p>\n<p>Podanie danych jest dobrowolne, lecz niezb\u0119dne do realizacji umowy i wsp\u00f3\u0142pracy gospodarczej.<\/p>\n","protected":false},"excerpt":{"rendered":"<p>Szanowni Pa\u0144stwo, W zwi\u0105zku z obowi\u0105zuj\u0105cymi przepisami\u00a0 Rozporz\u0105dzenia Parlamentu Europejskiego i Rady UE) \u00a0(2016\/679) z dnia 27 kwietnia 2016 roku w sprawie ochrony os\u00f3b fizycznych w zwi\u0105zku z przetwarzaniem danych osobowych i w sprawie swobodnego przep\u0142ywu takich danych oraz uchylenia dyrektywy 95\/46\/WE (RODO), (dalej RODO), na podstawie art. 13 ust.1 i ust.2 informujemy ,\u017ce: Administratorem&hellip;<\/p>\n","protected":false},"author":2,"featured_media":0,"parent":0,"menu_order":0,"comment_status":"closed","ping_status":"closed","template":"","meta":{"footnotes":""},"class_list":["post-2881","page","type-page","status-publish","hentry","description-off"],"yoast_head":"<!-- This site is optimized with the Yoast SEO plugin v26.0 - https:\/\/yoast.com\/wordpress\/plugins\/seo\/ -->\n<title>Privacy policy - DOMBUD<\/title>\n<meta name=\"robots\" content=\"index, follow, max-snippet:-1, max-image-preview:large, max-video-preview:-1\" \/>\n<link rel=\"canonical\" href=\"https:\/\/dombud.com\/en\/privacy-policy\/\" \/>\n<meta property=\"og:locale\" content=\"en_US\" \/>\n<meta property=\"og:type\" content=\"article\" \/>\n<meta property=\"og:title\" content=\"Privacy policy - DOMBUD\" \/>\n<meta property=\"og:description\" content=\"Szanowni Pa\u0144stwo, W zwi\u0105zku z obowi\u0105zuj\u0105cymi przepisami\u00a0 Rozporz\u0105dzenia Parlamentu Europejskiego i Rady UE) \u00a0(2016\/679) z dnia 27 kwietnia 2016 roku w sprawie ochrony os\u00f3b fizycznych w zwi\u0105zku z przetwarzaniem danych osobowych i w sprawie swobodnego przep\u0142ywu takich danych oraz uchylenia dyrektywy 95\/46\/WE (RODO), (dalej RODO), na podstawie art. 13 ust.1 i ust.2 informujemy ,\u017ce: Administratorem&hellip;\" \/>\n<meta property=\"og:url\" content=\"https:\/\/dombud.com\/en\/privacy-policy\/\" \/>\n<meta property=\"og:site_name\" content=\"DOMBUD\" \/>\n<meta name=\"twitter:card\" content=\"summary_large_image\" \/>\n<meta name=\"twitter:label1\" content=\"Est. reading time\" \/>\n\t<meta name=\"twitter:data1\" content=\"2 minutes\" \/>\n<script type=\"application\/ld+json\" class=\"yoast-schema-graph\">{\"@context\":\"https:\/\/schema.org\",\"@graph\":[{\"@type\":\"WebPage\",\"@id\":\"https:\/\/dombud.com\/en\/privacy-policy\/\",\"url\":\"https:\/\/dombud.com\/en\/privacy-policy\/\",\"name\":\"Privacy policy - DOMBUD\",\"isPartOf\":{\"@id\":\"https:\/\/dombud.com\/en\/#website\"},\"datePublished\":\"2020-05-26T14:38:12+00:00\",\"breadcrumb\":{\"@id\":\"https:\/\/dombud.com\/en\/privacy-policy\/#breadcrumb\"},\"inLanguage\":\"en-US\",\"potentialAction\":[{\"@type\":\"ReadAction\",\"target\":[\"https:\/\/dombud.com\/en\/privacy-policy\/\"]}]},{\"@type\":\"BreadcrumbList\",\"@id\":\"https:\/\/dombud.com\/en\/privacy-policy\/#breadcrumb\",\"itemListElement\":[{\"@type\":\"ListItem\",\"position\":1,\"name\":\"Strona g\u0142\u00f3wna\",\"item\":\"https:\/\/dombud.com\/en\/\"},{\"@type\":\"ListItem\",\"position\":2,\"name\":\"Privacy policy\"}]},{\"@type\":\"WebSite\",\"@id\":\"https:\/\/dombud.com\/en\/#website\",\"url\":\"https:\/\/dombud.com\/en\/\",\"name\":\"DOMBUD\",\"description\":\"TW\u00d3J PARTNER W BUDOWNICTWIE\",\"potentialAction\":[{\"@type\":\"SearchAction\",\"target\":{\"@type\":\"EntryPoint\",\"urlTemplate\":\"https:\/\/dombud.com\/en\/?s={search_term_string}\"},\"query-input\":{\"@type\":\"PropertyValueSpecification\",\"valueRequired\":true,\"valueName\":\"search_term_string\"}}],\"inLanguage\":\"en-US\"}]}<\/script>\n<!-- \/ Yoast SEO plugin. -->","yoast_head_json":{"title":"Privacy policy - DOMBUD","robots":{"index":"index","follow":"follow","max-snippet":"max-snippet:-1","max-image-preview":"max-image-preview:large","max-video-preview":"max-video-preview:-1"},"canonical":"https:\/\/dombud.com\/en\/privacy-policy\/","og_locale":"en_US","og_type":"article","og_title":"Privacy policy - DOMBUD","og_description":"Szanowni Pa\u0144stwo, W zwi\u0105zku z obowi\u0105zuj\u0105cymi przepisami\u00a0 Rozporz\u0105dzenia Parlamentu Europejskiego i Rady UE) \u00a0(2016\/679) z dnia 27 kwietnia 2016 roku w sprawie ochrony os\u00f3b fizycznych w zwi\u0105zku z przetwarzaniem danych osobowych i w sprawie swobodnego przep\u0142ywu takich danych oraz uchylenia dyrektywy 95\/46\/WE (RODO), (dalej RODO), na podstawie art. 13 ust.1 i ust.2 informujemy ,\u017ce: Administratorem&hellip;","og_url":"https:\/\/dombud.com\/en\/privacy-policy\/","og_site_name":"DOMBUD","twitter_card":"summary_large_image","twitter_misc":{"Est. reading time":"2 minutes"},"schema":{"@context":"https:\/\/schema.org","@graph":[{"@type":"WebPage","@id":"https:\/\/dombud.com\/en\/privacy-policy\/","url":"https:\/\/dombud.com\/en\/privacy-policy\/","name":"Privacy policy - DOMBUD","isPartOf":{"@id":"https:\/\/dombud.com\/en\/#website"},"datePublished":"2020-05-26T14:38:12+00:00","breadcrumb":{"@id":"https:\/\/dombud.com\/en\/privacy-policy\/#breadcrumb"},"inLanguage":"en-US","potentialAction":[{"@type":"ReadAction","target":["https:\/\/dombud.com\/en\/privacy-policy\/"]}]},{"@type":"BreadcrumbList","@id":"https:\/\/dombud.com\/en\/privacy-policy\/#breadcrumb","itemListElement":[{"@type":"ListItem","position":1,"name":"Strona g\u0142\u00f3wna","item":"https:\/\/dombud.com\/en\/"},{"@type":"ListItem","position":2,"name":"Privacy policy"}]},{"@type":"WebSite","@id":"https:\/\/dombud.com\/en\/#website","url":"https:\/\/dombud.com\/en\/","name":"DOMBUD","description":"TW\u00d3J PARTNER W BUDOWNICTWIE","potentialAction":[{"@type":"SearchAction","target":{"@type":"EntryPoint","urlTemplate":"https:\/\/dombud.com\/en\/?s={search_term_string}"},"query-input":{"@type":"PropertyValueSpecification","valueRequired":true,"valueName":"search_term_string"}}],"inLanguage":"en-US"}]}},"_links":{"self":[{"href":"https:\/\/dombud.com\/en\/wp-json\/wp\/v2\/pages\/2881","targetHints":{"allow":["GET"]}}],"collection":[{"href":"https:\/\/dombud.com\/en\/wp-json\/wp\/v2\/pages"}],"about":[{"href":"https:\/\/dombud.com\/en\/wp-json\/wp\/v2\/types\/page"}],"author":[{"embeddable":true,"href":"https:\/\/dombud.com\/en\/wp-json\/wp\/v2\/users\/2"}],"replies":[{"embeddable":true,"href":"https:\/\/dombud.com\/en\/wp-json\/wp\/v2\/comments?post=2881"}],"version-history":[{"count":0,"href":"https:\/\/dombud.com\/en\/wp-json\/wp\/v2\/pages\/2881\/revisions"}],"wp:attachment":[{"href":"https:\/\/dombud.com\/en\/wp-json\/wp\/v2\/media?parent=2881"}],"curies":[{"name":"wp","href":"https:\/\/api.w.org\/{rel}","templated":true}]}}