{"id":2870,"date":"2020-05-26T16:15:00","date_gmt":"2020-05-26T14:15:00","guid":{"rendered":"https:\/\/dombud.com\/work\/"},"modified":"2020-05-26T16:31:20","modified_gmt":"2020-05-26T14:31:20","slug":"work","status":"publish","type":"page","link":"https:\/\/dombud.com\/en\/work\/","title":{"rendered":"Work"},"content":{"rendered":"<div class=\"wpb-content-wrapper\"><p>[vc_row css=&#8221;.vc_custom_1589228036938{margin-bottom: 40px !important;}&#8221;][vc_column width=&#8221;1\/4&#8243; el_id=&#8221;sticky-sidebar&#8221; offset=&#8221;vc_hidden-xs&#8221;][vc_single_image image=&#8221;1803&#8243; img_size=&#8221;full&#8221;][\/vc_column][vc_column width=&#8221;3\/4&#8243;][vc_custom_heading text=&#8221;CURRENT OFFERS&#8221; font_container=&#8221;tag:h3|text_align:left&#8221; use_theme_fonts=&#8221;yes&#8221; css=&#8221;.vc_custom_1589228045762{margin-bottom: 20px !important;}&#8221;][vc_accordion active_tab=&#8221;false&#8221; collapsible=&#8221;yes&#8221; style=&#8221;2&#8243;][vc_accordion_tab title=&#8221;KIEROWNIK BUDOWY&#8221; el_id=&#8221;1&#8243;][vc_column_text]Przedsi\u0119biorstwo \u201eDOMBUD\u201d Sp. z\u00a0o.o. w\u00a0Odolanowie zatrudni:<\/p>\n<h3><strong>KIEROWNIKA BUDOWY<\/strong><\/h3>\n<p>&nbsp;<\/p>\n<p><strong><u>Opis stanowiska:<\/u><\/strong><\/p>\n<ul>\n<li>realizacja budowy zgodnie z\u00a0dokumentacj\u0105 oraz\u00a0przepisami prawa budowlanego \u2013 g\u0142\u00f3wnie obiekty kubaturowe oraz\u00a0obiekty przemys\u0142owe;<\/li>\n<li>wsp\u00f3\u0142praca z\u00a0kierownikami rob\u00f3t, in\u017cynierami budowy oraz\u00a0majstrami;<\/li>\n<li>kontrolowanie realizacji prac i\u00a0przestrzeganie harmonogram\u00f3w;<\/li>\n<li>wsp\u00f3\u0142praca z\u00a0dostawcami, podwykonawcami;<\/li>\n<li>kontrola prac podwykonawc\u00f3w oraz\u00a0kontrola dostawc\u00f3w;<\/li>\n<li>sporz\u0105dzanie zestawie\u0144 materia\u0142owych;<\/li>\n<li>sporz\u0105dzanie dokumentacji budowy<\/li>\n<\/ul>\n<p>&nbsp;<\/p>\n<p><strong><u>Wymagania:<\/u><\/strong><\/p>\n<ul>\n<li>uprawnienia budowlane do\u00a0kierowania robotami budowlanymi bez\u00a0ogranicze\u0144;<\/li>\n<li>wykszta\u0142cenie wy\u017csze;<\/li>\n<li>znajomo\u015b\u0107 obs\u0142ugi komputera oraz\u00a0pracy w\u00a0programie AutoCad i\u00a0MS Office;<\/li>\n<li>prawo jazdy kategorii B;<\/li>\n<li>umiej\u0119tno\u015b\u0107 kierowania zespo\u0142em;<\/li>\n<li>atutem b\u0119dzie znajomo\u015b\u0107 programu NORMA;<\/li>\n<li>poszukujemy kandydat\u00f3w z\u00a0terenu wojew\u00f3dztwa wielkopolskiego i\u00a0dolno\u015bl\u0105skiego.<\/li>\n<\/ul>\n<p>&nbsp;<\/p>\n<p>Firma oferuje atrakcyjne warunki pracy oraz\u00a0mo\u017cliwo\u015b\u0107 rozwoju zawodowego.<\/p>\n<p>Prosimy o\u00a0sk\u0142adanie listu motywacyjnego wraz z\u00a0CV w\u00a0formie elektronicznej na\u00a0adres\u00a0<b><a class=\"m_5076457920284544893m_7100289677827317254moz-txt-link-abbreviated\" href=\"mailto:info@dombud.com\" target=\"_blank\" rel=\"noopener noreferrer\">info@dombud.com<\/a><\/b>\u00a0lub osobi\u015bcie w\u00a0sekretariacie Przedsi\u0119biorstwa \u201eDOMBUD\u201d przy<br \/>\n<a href=\"https:\/\/maps.google.com\/?q=ul.+Le%C5%9Bnej+2+w+Odolanowie&amp;entry=gmail&amp;source=g\" target=\"_blank\" rel=\"noopener noreferrer\" data-saferedirecturl=\"https:\/\/www.google.com\/url?hl=pl&amp;q=https:\/\/maps.google.com\/?q%3Dul.%2BLe%25C5%259Bnej%2B2%2Bw%2BOdolanowie%26entry%3Dgmail%26source%3Dg&amp;source=gmail&amp;ust=1532162686050000&amp;usg=AFQjCNFLcj0DvXMjxbZ8SpPR1j6_7xX1xg\">ul.\u00a0Le\u015bnej 2 w\u00a0Odolanowie<\/a>. W\u00a0przypadku pyta\u0144 prosimy o\u00a0kontakt \u2013\u00a0<b>tel.: 062\/ 733-33-53<\/b><\/p>\n<p>Prosimy o\u00a0dopisanie nast\u0119puj\u0105cej klauzuli: Wyra\u017cam zgod\u0119 na\u00a0przetwarzanie moich\u00a0danych osobowych zawartych w\u00a0mojej\u00a0ofercie pracy, dla potrzeb niezb\u0119dnych do\u00a0realizacji procesu rekrutacji (zgodnie z\u00a0ustaw\u0105 z\u00a0dn.\u00a029.08.97 roku o\u00a0Ochronie Danych Osobowych Dz.\u00a0Ust Nr\u00a0133 poz. 883).[\/vc_column_text][\/vc_accordion_tab][vc_accordion_tab title=&#8221;PRACOWNIK OG\u00d3LNOBUDOWLANY, CIE\u015aLA &#8211; ZBROJARZ&#8221; el_id=&#8221;2&#8243;][vc_column_text]Przedsi\u0119biorstwo \u201eDOMBUD\u201d Sp. z\u00a0o.o. w\u00a0Odolanowie zatrudni:<\/p>\n<h3><strong>PRACOWNIK OG\u00d3LNOBUDOWLANY, CIE\u015aLA \u2013 ZBROJARZA<\/strong><\/h3>\n<p>&nbsp;<\/p>\n<p><strong><u>Opis stanowiska:<\/u><\/strong><\/p>\n<ul>\n<li>przygotowanie i\u00a0monta\u017c zbrojenia do\u00a0konstrukcji \u017celbetowych,<\/li>\n<li>wykonanie deskowa\u0144 i\u00a0stemplowa\u0144,<\/li>\n<li>roboty \u017celbetowe;<\/li>\n<li>wykonywanie prac <u>budowlanych<\/u><\/li>\n<\/ul>\n<p><u>\u00a0<\/u><\/p>\n<p><strong><u>Wymagania:<\/u><\/strong><\/p>\n<ul>\n<li>znajomo\u015b\u0107 rysunku technicznego;<\/li>\n<li>prawo jazdy kategorii B;<\/li>\n<li>mile widziane do\u015bwiadczenie na\u00a0podobnym stanowisku.<\/li>\n<li>poszukiwane osoby z\u00a0rynku lokalnego<\/li>\n<\/ul>\n<p>&nbsp;<\/p>\n<p>Firma oferuje atrakcyjne\u00a0 warunki pracy oraz\u00a0mo\u017cliwo\u015b\u0107 rozwoju zawodowego.<\/p>\n<p>Prosimy o\u00a0sk\u0142adanie listu motywacyjnego wraz z\u00a0CV w\u00a0formie elektronicznej na\u00a0adres\u00a0<b><a class=\"m_5076457920284544893m_7100289677827317254moz-txt-link-abbreviated\" href=\"mailto:info@dombud.com\" target=\"_blank\" rel=\"noopener noreferrer\">info@dombud.com<\/a><\/b>\u00a0lub osobi\u015bcie w\u00a0sekretariacie Przedsi\u0119biorstwa \u201eDOMBUD\u201d przy<br \/>\n<a href=\"https:\/\/maps.google.com\/?q=ul.+Le%C5%9Bnej+2+w+Odolanowie&amp;entry=gmail&amp;source=g\" target=\"_blank\" rel=\"noopener noreferrer\" data-saferedirecturl=\"https:\/\/www.google.com\/url?hl=pl&amp;q=https:\/\/maps.google.com\/?q%3Dul.%2BLe%25C5%259Bnej%2B2%2Bw%2BOdolanowie%26entry%3Dgmail%26source%3Dg&amp;source=gmail&amp;ust=1532162686050000&amp;usg=AFQjCNFLcj0DvXMjxbZ8SpPR1j6_7xX1xg\">ul.\u00a0Le\u015bnej 2 w\u00a0Odolanowie<\/a>. W\u00a0przypadku pyta\u0144 prosimy o\u00a0kontakt \u2013\u00a0<b>tel.: 062\/ 733-33-53<\/b><\/p>\n<p>Prosimy o\u00a0dopisanie nast\u0119puj\u0105cej klauzuli: Wyra\u017cam zgod\u0119 na\u00a0przetwarzanie moich\u00a0danych osobowych zawartych w\u00a0mojej\u00a0ofercie pracy, dla potrzeb niezb\u0119dnych do\u00a0realizacji procesu rekrutacji (zgodnie z\u00a0ustaw\u0105 z\u00a0dn.\u00a029.08.97 roku o\u00a0Ochronie Danych Osobowych Dz.\u00a0Ust Nr\u00a0133 poz. 883).[\/vc_column_text][\/vc_accordion_tab][vc_accordion_tab title=&#8221;\u015aLUSARZ &#8211; SPAWACZ&#8221; el_id=&#8221;3&#8243;][vc_column_text]Przedsi\u0119biorstwo \u201eDOMBUD\u201d Sp. z\u00a0o.o. w\u00a0Odolanowie zatrudni:<\/p>\n<h3><strong>\u015aLUSARZ \u2013 SPAWACZ<\/strong><\/h3>\n<p>&nbsp;<\/p>\n<p><strong><u>Firma oferuje:<\/u><\/strong><\/p>\n<ul>\n<li>STABILN\u0104 PRAC\u0118<\/li>\n<li>MO\u017bLIWO\u015a\u0106 PODNOSZENIA KWALIFIKACJI ZAWODOWYCH<\/li>\n<li>ATRAKCYJNE WYNAGRODZENIE \u2013 ADEKWATNE DO\u00a0UMIEJ\u0118TNO\u015aCI<\/li>\n<li>PRACA W\u00a0WYTW\u00d3RNI KONSTRUKCJI STALOWYCH W\u00a0ODOLANOWIE<\/li>\n<\/ul>\n<p><strong><u>\u00a0<\/u><\/strong><\/p>\n<p><strong><u>Nasze oczekiwania:<\/u><\/strong><\/p>\n<ul>\n<li>WYKSZTA\u0141CENIE TECHNICZNE<\/li>\n<li>UPRAWNIENIA DO\u00a0PRACY W\u00a0ZAWODZIE<\/li>\n<li>UMIEJ\u0118TNO\u015a\u0106 PRACY W\u00a0ZESPOLE<\/li>\n<\/ul>\n<p>&nbsp;<\/p>\n<p>Oferty prosimy sk\u0142ada\u0107 w\u00a0sekretariacie Przedsi\u0119biorstwa:\u00a0 <strong>63-430 Odolan\u00f3w, ul.\u00a0Le\u015bna 2. <\/strong>W\u00a0przypadku pyta\u0144 prosimy o\u00a0kontakt \u00a0<strong>tel.: 62\/ 733-33-53<\/strong><\/p>\n<p>Prosimy o\u00a0dopisanie nast\u0119puj\u0105cej klauzuli: Wyra\u017cam zgod\u0119 na\u00a0przetwarzanie moich\u00a0danych osobowych zawartych w\u00a0mojej\u00a0ofercie pracy, dla potrzeb niezb\u0119dnych do\u00a0realizacji procesu rekrutacji (zgodnie z\u00a0ustaw\u0105 z\u00a0dn.\u00a029.08.97 roku o\u00a0Ochronie Danych Osobowych Dz.\u00a0Ust Nr\u00a0133 poz. 883).[\/vc_column_text][\/vc_accordion_tab][vc_accordion_tab title=&#8221;IN\u017bYNIER BUDOWY&#8221; el_id=&#8221;4&#8243;][vc_column_text]Przedsi\u0119biorstwo \u201eDOMBUD\u201d Sp. z\u00a0o.o. w\u00a0Odolanowie zatrudni:<\/p>\n<h3><strong>IN\u017bYNIERA BUDOWY <\/strong><\/h3>\n<p>&nbsp;<\/p>\n<p><strong><u>Opis stanowiska:<\/u><\/strong><\/p>\n<ul>\n<li>realizacja budowy zgodnie z\u00a0dokumentacj\u0105 oraz\u00a0przepisami prawa budowlanego \u2013 g\u0142\u00f3wnie obiekty kubaturowe oraz\u00a0obiekty przemys\u0142owe;<\/li>\n<li>wsp\u00f3\u0142praca z\u00a0kierownikiem budowy oraz\u00a0majstrami;<\/li>\n<li>kontrolowanie realizacji prac i\u00a0przestrzeganie harmonogram\u00f3w;<\/li>\n<li>kontrola prac podwykonawc\u00f3w oraz\u00a0kontrola dostawc\u00f3w;<\/li>\n<li>sporz\u0105dzanie zestawie\u0144 materia\u0142owych;<\/li>\n<li>sporz\u0105dzanie dokumentacji budowy<\/li>\n<li>g\u0142\u00f3wny obszar dzia\u0142alno\u015bci wojew\u00f3dztwa wielkopolskie i\u00a0dolno\u015bl\u0105skie.<\/li>\n<\/ul>\n<p><strong><u>Wymagania:<\/u><\/strong><\/p>\n<ul>\n<li>wykszta\u0142cenie wy\u017csze lub w\u00a0trakcie odbywania studi\u00f3w na\u00a0kierunku budownictwo<\/li>\n<li>znajomo\u015b\u0107 obs\u0142ugi komputera oraz\u00a0pracy w\u00a0programie AutoCad;<\/li>\n<li>prawo jazdy kategorii B;<\/li>\n<li>mile widziane do\u015bwiadczenie na\u00a0podobnym stanowisku;<\/li>\n<li>mile widziana znajomo\u015b\u0107 programu do\u00a0kosztorysowania Norma;<\/li>\n<\/ul>\n<p><strong><u>Kandydatom spe\u0142niaj\u0105cym nasze oczekiwania oferujemy:<\/u><\/strong><\/p>\n<ul>\n<li>prac\u0119 w\u00a0firmie o\u00a0ugruntowanej pozycji na\u00a0rynku od\u00a0ponad 26 lat;<\/li>\n<li>zatrudnienie na\u00a0umow\u0119 o\u00a0prac\u0119;<\/li>\n<li>prac\u0119 w\u00a0przyjaznym i\u00a0zaanga\u017cowanym m\u0142odym zespole;<\/li>\n<li>mo\u017cliwo\u015b\u0107 rozwoju zawodowego;<\/li>\n<li>mo\u017cliwo\u015b\u0107 wsp\u00f3\u0142finansowania studi\u00f3w;<\/li>\n<li>mo\u017cliwo\u015b\u0107 odbycia praktyki niezb\u0119dnej do\u00a0uzyskania uprawnie\u0144 budowlanych.<\/li>\n<\/ul>\n<p>&nbsp;<\/p>\n<p>Prosimy o\u00a0sk\u0142adanie listu motywacyjnego wraz z\u00a0CV w\u00a0formie elektronicznej na\u00a0adres <strong>info@dombud.com<\/strong> lub osobi\u015bcie w\u00a0sekretariacie Przedsi\u0119biorstwa \u201eDOMBUD\u201d przy<br \/>\nul. Le\u015bnej 2 w\u00a0Odolanowie. W\u00a0przypadku pyta\u0144 prosimy o\u00a0kontakt \u2013 <strong>tel.: 062\/ 733-33-53<\/strong><\/p>\n<p>Prosimy o\u00a0dopisanie nast\u0119puj\u0105cej klauzuli: Wyra\u017cam zgod\u0119 na\u00a0przetwarzanie moich\u00a0danych osobowych zawartych w\u00a0mojej\u00a0ofercie pracy, dla potrzeb niezb\u0119dnych do\u00a0realizacji procesu rekrutacji (zgodnie z\u00a0ustaw\u0105 z\u00a0dn.\u00a029.08.97 roku o\u00a0Ochronie Danych Osobowych Dz.\u00a0Ust Nr\u00a0133 poz. 883).[\/vc_column_text][\/vc_accordion_tab][\/vc_accordion][vc_column_text css=&#8221;.vc_custom_1590503477591{margin-top: 30px !important;}&#8221;]<a href=\"https:\/\/dombud.com\/en\/informational-clause-of-a-job-candidate\/\"><strong>Informational clause of a job candidate<\/strong><\/a>[\/vc_column_text][\/vc_column][\/vc_row][vc_row css=&#8221;.vc_custom_1589288614721{margin: 0px !important;padding: 0px !important;}&#8221;][vc_column el_id=&#8221;sticky-sidebar-end&#8221;][\/vc_column][\/vc_row]<\/p>\n<\/div>","protected":false},"excerpt":{"rendered":"<p>[vc_row css=&#8221;.vc_custom_1589228036938{margin-bottom: 40px !important;}&#8221;][vc_column width=&#8221;1\/4&#8243; el_id=&#8221;sticky-sidebar&#8221; offset=&#8221;vc_hidden-xs&#8221;][vc_single_image image=&#8221;1803&#8243; img_size=&#8221;full&#8221;][\/vc_column][vc_column width=&#8221;3\/4&#8243;][vc_custom_heading text=&#8221;CURRENT OFFERS&#8221; font_container=&#8221;tag:h3|text_align:left&#8221; use_theme_fonts=&#8221;yes&#8221; css=&#8221;.vc_custom_1589228045762{margin-bottom: 20px !important;}&#8221;][vc_accordion active_tab=&#8221;false&#8221; collapsible=&#8221;yes&#8221; style=&#8221;2&#8243;][vc_accordion_tab title=&#8221;KIEROWNIK BUDOWY&#8221; el_id=&#8221;1&#8243;][vc_column_text]Przedsi\u0119biorstwo \u201eDOMBUD\u201d Sp. z\u00a0o.o. w\u00a0Odolanowie zatrudni: KIEROWNIKA BUDOWY &nbsp; Opis stanowiska: realizacja budowy zgodnie z\u00a0dokumentacj\u0105 oraz\u00a0przepisami prawa budowlanego \u2013 g\u0142\u00f3wnie obiekty kubaturowe oraz\u00a0obiekty przemys\u0142owe; wsp\u00f3\u0142praca z\u00a0kierownikami rob\u00f3t, in\u017cynierami budowy oraz\u00a0majstrami; kontrolowanie realizacji prac&hellip;<\/p>\n","protected":false},"author":2,"featured_media":0,"parent":0,"menu_order":0,"comment_status":"closed","ping_status":"closed","template":"","meta":{"footnotes":""},"class_list":["post-2870","page","type-page","status-publish","hentry","description-off"],"yoast_head":"<!-- This site is optimized with the Yoast SEO plugin v26.0 - https:\/\/yoast.com\/wordpress\/plugins\/seo\/ -->\n<title>Work - DOMBUD<\/title>\n<meta name=\"robots\" content=\"index, follow, max-snippet:-1, max-image-preview:large, max-video-preview:-1\" \/>\n<link rel=\"canonical\" href=\"https:\/\/dombud.com\/en\/work\/\" \/>\n<meta property=\"og:locale\" content=\"en_US\" \/>\n<meta property=\"og:type\" content=\"article\" \/>\n<meta property=\"og:title\" content=\"Work - DOMBUD\" \/>\n<meta property=\"og:description\" content=\"[vc_row css=&#8221;.vc_custom_1589228036938{margin-bottom: 40px !important;}&#8221;][vc_column width=&#8221;1\/4&#8243; el_id=&#8221;sticky-sidebar&#8221; offset=&#8221;vc_hidden-xs&#8221;][vc_single_image image=&#8221;1803&#8243; img_size=&#8221;full&#8221;][\/vc_column][vc_column width=&#8221;3\/4&#8243;][vc_custom_heading text=&#8221;CURRENT OFFERS&#8221; font_container=&#8221;tag:h3|text_align:left&#8221; use_theme_fonts=&#8221;yes&#8221; css=&#8221;.vc_custom_1589228045762{margin-bottom: 20px !important;}&#8221;][vc_accordion active_tab=&#8221;false&#8221; collapsible=&#8221;yes&#8221; style=&#8221;2&#8243;][vc_accordion_tab title=&#8221;KIEROWNIK BUDOWY&#8221; el_id=&#8221;1&#8243;][vc_column_text]Przedsi\u0119biorstwo \u201eDOMBUD\u201d Sp. z\u00a0o.o. w\u00a0Odolanowie zatrudni: KIEROWNIKA BUDOWY &nbsp; Opis stanowiska: realizacja budowy zgodnie z\u00a0dokumentacj\u0105 oraz\u00a0przepisami prawa budowlanego \u2013 g\u0142\u00f3wnie obiekty kubaturowe oraz\u00a0obiekty przemys\u0142owe; wsp\u00f3\u0142praca z\u00a0kierownikami rob\u00f3t, in\u017cynierami budowy oraz\u00a0majstrami; kontrolowanie realizacji prac&hellip;\" \/>\n<meta property=\"og:url\" content=\"https:\/\/dombud.com\/en\/work\/\" \/>\n<meta property=\"og:site_name\" content=\"DOMBUD\" \/>\n<meta property=\"article:modified_time\" content=\"2020-05-26T14:31:20+00:00\" \/>\n<meta name=\"twitter:card\" content=\"summary_large_image\" \/>\n<meta name=\"twitter:label1\" content=\"Est. reading time\" \/>\n\t<meta name=\"twitter:data1\" content=\"5 minutes\" \/>\n<script type=\"application\/ld+json\" class=\"yoast-schema-graph\">{\"@context\":\"https:\/\/schema.org\",\"@graph\":[{\"@type\":\"WebPage\",\"@id\":\"https:\/\/dombud.com\/en\/work\/\",\"url\":\"https:\/\/dombud.com\/en\/work\/\",\"name\":\"Work - DOMBUD\",\"isPartOf\":{\"@id\":\"https:\/\/dombud.com\/en\/#website\"},\"datePublished\":\"2020-05-26T14:15:00+00:00\",\"dateModified\":\"2020-05-26T14:31:20+00:00\",\"breadcrumb\":{\"@id\":\"https:\/\/dombud.com\/en\/work\/#breadcrumb\"},\"inLanguage\":\"en-US\",\"potentialAction\":[{\"@type\":\"ReadAction\",\"target\":[\"https:\/\/dombud.com\/en\/work\/\"]}]},{\"@type\":\"BreadcrumbList\",\"@id\":\"https:\/\/dombud.com\/en\/work\/#breadcrumb\",\"itemListElement\":[{\"@type\":\"ListItem\",\"position\":1,\"name\":\"Strona g\u0142\u00f3wna\",\"item\":\"https:\/\/dombud.com\/en\/\"},{\"@type\":\"ListItem\",\"position\":2,\"name\":\"Work\"}]},{\"@type\":\"WebSite\",\"@id\":\"https:\/\/dombud.com\/en\/#website\",\"url\":\"https:\/\/dombud.com\/en\/\",\"name\":\"DOMBUD\",\"description\":\"TW\u00d3J PARTNER W BUDOWNICTWIE\",\"potentialAction\":[{\"@type\":\"SearchAction\",\"target\":{\"@type\":\"EntryPoint\",\"urlTemplate\":\"https:\/\/dombud.com\/en\/?s={search_term_string}\"},\"query-input\":{\"@type\":\"PropertyValueSpecification\",\"valueRequired\":true,\"valueName\":\"search_term_string\"}}],\"inLanguage\":\"en-US\"}]}<\/script>\n<!-- \/ Yoast SEO plugin. -->","yoast_head_json":{"title":"Work - DOMBUD","robots":{"index":"index","follow":"follow","max-snippet":"max-snippet:-1","max-image-preview":"max-image-preview:large","max-video-preview":"max-video-preview:-1"},"canonical":"https:\/\/dombud.com\/en\/work\/","og_locale":"en_US","og_type":"article","og_title":"Work - DOMBUD","og_description":"[vc_row css=&#8221;.vc_custom_1589228036938{margin-bottom: 40px !important;}&#8221;][vc_column width=&#8221;1\/4&#8243; el_id=&#8221;sticky-sidebar&#8221; offset=&#8221;vc_hidden-xs&#8221;][vc_single_image image=&#8221;1803&#8243; img_size=&#8221;full&#8221;][\/vc_column][vc_column width=&#8221;3\/4&#8243;][vc_custom_heading text=&#8221;CURRENT OFFERS&#8221; font_container=&#8221;tag:h3|text_align:left&#8221; use_theme_fonts=&#8221;yes&#8221; css=&#8221;.vc_custom_1589228045762{margin-bottom: 20px !important;}&#8221;][vc_accordion active_tab=&#8221;false&#8221; collapsible=&#8221;yes&#8221; style=&#8221;2&#8243;][vc_accordion_tab title=&#8221;KIEROWNIK BUDOWY&#8221; el_id=&#8221;1&#8243;][vc_column_text]Przedsi\u0119biorstwo \u201eDOMBUD\u201d Sp. z\u00a0o.o. w\u00a0Odolanowie zatrudni: KIEROWNIKA BUDOWY &nbsp; Opis stanowiska: realizacja budowy zgodnie z\u00a0dokumentacj\u0105 oraz\u00a0przepisami prawa budowlanego \u2013 g\u0142\u00f3wnie obiekty kubaturowe oraz\u00a0obiekty przemys\u0142owe; wsp\u00f3\u0142praca z\u00a0kierownikami rob\u00f3t, in\u017cynierami budowy oraz\u00a0majstrami; kontrolowanie realizacji prac&hellip;","og_url":"https:\/\/dombud.com\/en\/work\/","og_site_name":"DOMBUD","article_modified_time":"2020-05-26T14:31:20+00:00","twitter_card":"summary_large_image","twitter_misc":{"Est. reading time":"5 minutes"},"schema":{"@context":"https:\/\/schema.org","@graph":[{"@type":"WebPage","@id":"https:\/\/dombud.com\/en\/work\/","url":"https:\/\/dombud.com\/en\/work\/","name":"Work - DOMBUD","isPartOf":{"@id":"https:\/\/dombud.com\/en\/#website"},"datePublished":"2020-05-26T14:15:00+00:00","dateModified":"2020-05-26T14:31:20+00:00","breadcrumb":{"@id":"https:\/\/dombud.com\/en\/work\/#breadcrumb"},"inLanguage":"en-US","potentialAction":[{"@type":"ReadAction","target":["https:\/\/dombud.com\/en\/work\/"]}]},{"@type":"BreadcrumbList","@id":"https:\/\/dombud.com\/en\/work\/#breadcrumb","itemListElement":[{"@type":"ListItem","position":1,"name":"Strona g\u0142\u00f3wna","item":"https:\/\/dombud.com\/en\/"},{"@type":"ListItem","position":2,"name":"Work"}]},{"@type":"WebSite","@id":"https:\/\/dombud.com\/en\/#website","url":"https:\/\/dombud.com\/en\/","name":"DOMBUD","description":"TW\u00d3J PARTNER W BUDOWNICTWIE","potentialAction":[{"@type":"SearchAction","target":{"@type":"EntryPoint","urlTemplate":"https:\/\/dombud.com\/en\/?s={search_term_string}"},"query-input":{"@type":"PropertyValueSpecification","valueRequired":true,"valueName":"search_term_string"}}],"inLanguage":"en-US"}]}},"_links":{"self":[{"href":"https:\/\/dombud.com\/en\/wp-json\/wp\/v2\/pages\/2870","targetHints":{"allow":["GET"]}}],"collection":[{"href":"https:\/\/dombud.com\/en\/wp-json\/wp\/v2\/pages"}],"about":[{"href":"https:\/\/dombud.com\/en\/wp-json\/wp\/v2\/types\/page"}],"author":[{"embeddable":true,"href":"https:\/\/dombud.com\/en\/wp-json\/wp\/v2\/users\/2"}],"replies":[{"embeddable":true,"href":"https:\/\/dombud.com\/en\/wp-json\/wp\/v2\/comments?post=2870"}],"version-history":[{"count":3,"href":"https:\/\/dombud.com\/en\/wp-json\/wp\/v2\/pages\/2870\/revisions"}],"predecessor-version":[{"id":2876,"href":"https:\/\/dombud.com\/en\/wp-json\/wp\/v2\/pages\/2870\/revisions\/2876"}],"wp:attachment":[{"href":"https:\/\/dombud.com\/en\/wp-json\/wp\/v2\/media?parent=2870"}],"curies":[{"name":"wp","href":"https:\/\/api.w.org\/{rel}","templated":true}]}}