{"id":2784,"date":"2020-05-26T13:38:19","date_gmt":"2020-05-26T11:38:19","guid":{"rendered":"https:\/\/dombud.com\/informationsklausel-eines-bewerbers\/"},"modified":"2020-05-26T13:38:19","modified_gmt":"2020-05-26T11:38:19","slug":"informationsklausel-eines-bewerbers","status":"publish","type":"page","link":"https:\/\/dombud.com\/de\/informationsklausel-eines-bewerbers\/","title":{"rendered":"Informationsklausel eines Bewerbers"},"content":{"rendered":"<p>W zwi\u0105zku z obowi\u0105zuj\u0105cymi przepisami\u00a0 Rozporz\u0105dzenia Parlamentu Europejskiego i Rady UE)\u00a0 (2016\/679) z dnia 27 kwietnia 2016 roku w sprawie ochrony os\u00f3b fizycznych w zwi\u0105zku z przetwarzaniem danych osobowych i w sprawie swobodnego przep\u0142ywu takich danych oraz uchylenia dyrektywy 95\/46\/WE (RODO), (dalej RODO), na podstawie art. 13 ust.1 i ust.2 informujemy ,\u017ce:<\/p>\n<ol>\n<li>Administratorem Pa\u0144stwa danych osobowych przekazywanych w CV jest Przedsi\u0119biorstwo DOMBUD Sp. z o.o., ul. Le\u015bna 2, 63-430 Odolan\u00f3w, NIP: 622-000-65-68, zwany dalej \u201eAdministratorem\u201d, kontakt za po\u015brednictwem adresu e-mail <a href=\"mailto:rodo@dombud.com\">rodo@dombud.com<\/a>, nr tel: 62\u00a0733 33 53, adres do korespondencji ul. Le\u015bna 2, 63-430 Odolan\u00f3w.<\/li>\n<li>Podstaw\u0105 prawn\u0105 przetwarzania Twoich danych jest obowi\u0105zek prawny Administratora Danych w zakresie uzyskania danych na etapie rekrutacji.<\/li>\n<li>Pana\/Pani dane osobowe przetwarzane s\u0105 wy\u0142\u0105cznie dla cel\u00f3w zwi\u0105zanych z rekrutacj\u0105 na aplikowane stanowisko oraz do podj\u0119cia niezb\u0119dnych dzia\u0142a\u0144 zmierzaj\u0105cych do podpisania umowy.<\/li>\n<li>Niezb\u0119dne dane osobowe to: imi\u0119, nazwisko, data urodzenia, numer telefonu, miejsce zamieszkania, wykszta\u0142cenie, uzyskane kwalifikacje, dodatkowe umiej\u0119tno\u015bci.<\/li>\n<li><strong><u>Podanie danych osobowych takich jak nr telefonu czy adres e-mail w CV nie jest obowi\u0105zkowe jednak wymagane do przeprowadzenia procesu rekrutacji.<\/u><\/strong><\/li>\n<li>Pana\/Pani dane osobowe b\u0119d\u0105 przetwarzane przez okres procesu rekrutacji oraz zgodny z polityk\u0105 administratora.<\/li>\n<li>Zgodnie z RODO, przys\u0142uguje Panu\/Pani:\n<ul>\n<li>Prawo dost\u0119pu do swoich danych oraz otrzymania ich kopii;<\/li>\n<li>Prawo do sprostowania (poprawienia) swoich danych;<\/li>\n<li>Prawo do usuni\u0119cia danych, ograniczenia przetwarzania danych;<\/li>\n<li>Prawo do wniesienia sprzeciwu wobec przetwarzania danych;<\/li>\n<li>Prawo do wniesienia skargi do organu nadzorczego, kt\u00f3rym<br \/>\nw Rzeczypospolitej Polskiej jest Prezes Urz\u0119du Ochrony Danych Osobowych<\/li>\n<\/ul>\n<\/li>\n<li>W oparciu o Pana\/Pani dane osobowe Administrator nie b\u0119dzie podejmowa\u0142 zautomatyzowanych decyzji, w tym decyzji b\u0119d\u0105cych wynikiem profilowania.<\/li>\n<li>Nie b\u0119d\u0105 przetwarzane \u017cadne informacje zawarte w CV, je\u015bli na dokumencie nie b\u0119dzie zamieszczona klauzula odno\u015bnie zgody na przetwarzanie danych osobowych brzmi\u0105ca w spos\u00f3b nast\u0119puj\u0105cy: <em>Wyra\u017cam zgod\u0119 na przetwarzanie moich danych osobowych dla potrzeb niezb\u0119dnych do realizacji procesu rekrutacji (zgodnie z Ustaw\u0105 z dnia 10.05.2018 roku o Ochronie Danych Osobowych; tekst jednolity: Dz. U. 2018 r. poz. 1000).<\/em><\/li>\n<\/ol>\n<p>&nbsp;<\/p>\n<p>Podanie danych w CV i li\u015bcie motywacyjnym oraz w ca\u0142ym procesie rekrutacyjnym ma charakter \u015bwiadomy i dobrowolny.<\/p>\n","protected":false},"excerpt":{"rendered":"<p>W zwi\u0105zku z obowi\u0105zuj\u0105cymi przepisami\u00a0 Rozporz\u0105dzenia Parlamentu Europejskiego i Rady UE)\u00a0 (2016\/679) z dnia 27 kwietnia 2016 roku w sprawie ochrony os\u00f3b fizycznych w zwi\u0105zku z przetwarzaniem danych osobowych i w sprawie swobodnego przep\u0142ywu takich danych oraz uchylenia dyrektywy 95\/46\/WE (RODO), (dalej RODO), na podstawie art. 13 ust.1 i ust.2 informujemy ,\u017ce: Administratorem Pa\u0144stwa danych&hellip;<\/p>\n","protected":false},"author":1,"featured_media":0,"parent":0,"menu_order":0,"comment_status":"closed","ping_status":"closed","template":"","meta":{"footnotes":""},"class_list":["post-2784","page","type-page","status-publish","hentry","description-off"],"yoast_head":"<!-- This site is optimized with the Yoast SEO plugin v26.0 - https:\/\/yoast.com\/wordpress\/plugins\/seo\/ -->\n<title>Informationsklausel eines Bewerbers - DOMBUD<\/title>\n<meta name=\"robots\" content=\"index, follow, max-snippet:-1, max-image-preview:large, max-video-preview:-1\" \/>\n<link rel=\"canonical\" href=\"https:\/\/dombud.com\/de\/informationsklausel-eines-bewerbers\/\" \/>\n<meta property=\"og:locale\" content=\"de_DE\" \/>\n<meta property=\"og:type\" content=\"article\" \/>\n<meta property=\"og:title\" content=\"Informationsklausel eines Bewerbers - DOMBUD\" \/>\n<meta property=\"og:description\" content=\"W zwi\u0105zku z obowi\u0105zuj\u0105cymi przepisami\u00a0 Rozporz\u0105dzenia Parlamentu Europejskiego i Rady UE)\u00a0 (2016\/679) z dnia 27 kwietnia 2016 roku w sprawie ochrony os\u00f3b fizycznych w zwi\u0105zku z przetwarzaniem danych osobowych i w sprawie swobodnego przep\u0142ywu takich danych oraz uchylenia dyrektywy 95\/46\/WE (RODO), (dalej RODO), na podstawie art. 13 ust.1 i ust.2 informujemy ,\u017ce: Administratorem Pa\u0144stwa danych&hellip;\" \/>\n<meta property=\"og:url\" content=\"https:\/\/dombud.com\/de\/informationsklausel-eines-bewerbers\/\" \/>\n<meta property=\"og:site_name\" content=\"DOMBUD\" \/>\n<meta name=\"twitter:card\" content=\"summary_large_image\" \/>\n<meta name=\"twitter:label1\" content=\"Gesch\u00e4tzte Lesezeit\" \/>\n\t<meta name=\"twitter:data1\" content=\"2\u00a0Minuten\" \/>\n<script type=\"application\/ld+json\" class=\"yoast-schema-graph\">{\"@context\":\"https:\/\/schema.org\",\"@graph\":[{\"@type\":\"WebPage\",\"@id\":\"https:\/\/dombud.com\/de\/informationsklausel-eines-bewerbers\/\",\"url\":\"https:\/\/dombud.com\/de\/informationsklausel-eines-bewerbers\/\",\"name\":\"Informationsklausel eines Bewerbers - DOMBUD\",\"isPartOf\":{\"@id\":\"https:\/\/dombud.com\/de\/#website\"},\"datePublished\":\"2020-05-26T11:38:19+00:00\",\"breadcrumb\":{\"@id\":\"https:\/\/dombud.com\/de\/informationsklausel-eines-bewerbers\/#breadcrumb\"},\"inLanguage\":\"de\",\"potentialAction\":[{\"@type\":\"ReadAction\",\"target\":[\"https:\/\/dombud.com\/de\/informationsklausel-eines-bewerbers\/\"]}]},{\"@type\":\"BreadcrumbList\",\"@id\":\"https:\/\/dombud.com\/de\/informationsklausel-eines-bewerbers\/#breadcrumb\",\"itemListElement\":[{\"@type\":\"ListItem\",\"position\":1,\"name\":\"Strona g\u0142\u00f3wna\",\"item\":\"https:\/\/dombud.com\/de\/\"},{\"@type\":\"ListItem\",\"position\":2,\"name\":\"Informationsklausel eines Bewerbers\"}]},{\"@type\":\"WebSite\",\"@id\":\"https:\/\/dombud.com\/de\/#website\",\"url\":\"https:\/\/dombud.com\/de\/\",\"name\":\"DOMBUD\",\"description\":\"TW\u00d3J PARTNER W BUDOWNICTWIE\",\"potentialAction\":[{\"@type\":\"SearchAction\",\"target\":{\"@type\":\"EntryPoint\",\"urlTemplate\":\"https:\/\/dombud.com\/de\/?s={search_term_string}\"},\"query-input\":{\"@type\":\"PropertyValueSpecification\",\"valueRequired\":true,\"valueName\":\"search_term_string\"}}],\"inLanguage\":\"de\"}]}<\/script>\n<!-- \/ Yoast SEO plugin. -->","yoast_head_json":{"title":"Informationsklausel eines Bewerbers - DOMBUD","robots":{"index":"index","follow":"follow","max-snippet":"max-snippet:-1","max-image-preview":"max-image-preview:large","max-video-preview":"max-video-preview:-1"},"canonical":"https:\/\/dombud.com\/de\/informationsklausel-eines-bewerbers\/","og_locale":"de_DE","og_type":"article","og_title":"Informationsklausel eines Bewerbers - DOMBUD","og_description":"W zwi\u0105zku z obowi\u0105zuj\u0105cymi przepisami\u00a0 Rozporz\u0105dzenia Parlamentu Europejskiego i Rady UE)\u00a0 (2016\/679) z dnia 27 kwietnia 2016 roku w sprawie ochrony os\u00f3b fizycznych w zwi\u0105zku z przetwarzaniem danych osobowych i w sprawie swobodnego przep\u0142ywu takich danych oraz uchylenia dyrektywy 95\/46\/WE (RODO), (dalej RODO), na podstawie art. 13 ust.1 i ust.2 informujemy ,\u017ce: Administratorem Pa\u0144stwa danych&hellip;","og_url":"https:\/\/dombud.com\/de\/informationsklausel-eines-bewerbers\/","og_site_name":"DOMBUD","twitter_card":"summary_large_image","twitter_misc":{"Gesch\u00e4tzte Lesezeit":"2\u00a0Minuten"},"schema":{"@context":"https:\/\/schema.org","@graph":[{"@type":"WebPage","@id":"https:\/\/dombud.com\/de\/informationsklausel-eines-bewerbers\/","url":"https:\/\/dombud.com\/de\/informationsklausel-eines-bewerbers\/","name":"Informationsklausel eines Bewerbers - DOMBUD","isPartOf":{"@id":"https:\/\/dombud.com\/de\/#website"},"datePublished":"2020-05-26T11:38:19+00:00","breadcrumb":{"@id":"https:\/\/dombud.com\/de\/informationsklausel-eines-bewerbers\/#breadcrumb"},"inLanguage":"de","potentialAction":[{"@type":"ReadAction","target":["https:\/\/dombud.com\/de\/informationsklausel-eines-bewerbers\/"]}]},{"@type":"BreadcrumbList","@id":"https:\/\/dombud.com\/de\/informationsklausel-eines-bewerbers\/#breadcrumb","itemListElement":[{"@type":"ListItem","position":1,"name":"Strona g\u0142\u00f3wna","item":"https:\/\/dombud.com\/de\/"},{"@type":"ListItem","position":2,"name":"Informationsklausel eines Bewerbers"}]},{"@type":"WebSite","@id":"https:\/\/dombud.com\/de\/#website","url":"https:\/\/dombud.com\/de\/","name":"DOMBUD","description":"TW\u00d3J PARTNER W BUDOWNICTWIE","potentialAction":[{"@type":"SearchAction","target":{"@type":"EntryPoint","urlTemplate":"https:\/\/dombud.com\/de\/?s={search_term_string}"},"query-input":{"@type":"PropertyValueSpecification","valueRequired":true,"valueName":"search_term_string"}}],"inLanguage":"de"}]}},"_links":{"self":[{"href":"https:\/\/dombud.com\/de\/wp-json\/wp\/v2\/pages\/2784","targetHints":{"allow":["GET"]}}],"collection":[{"href":"https:\/\/dombud.com\/de\/wp-json\/wp\/v2\/pages"}],"about":[{"href":"https:\/\/dombud.com\/de\/wp-json\/wp\/v2\/types\/page"}],"author":[{"embeddable":true,"href":"https:\/\/dombud.com\/de\/wp-json\/wp\/v2\/users\/1"}],"replies":[{"embeddable":true,"href":"https:\/\/dombud.com\/de\/wp-json\/wp\/v2\/comments?post=2784"}],"version-history":[{"count":0,"href":"https:\/\/dombud.com\/de\/wp-json\/wp\/v2\/pages\/2784\/revisions"}],"wp:attachment":[{"href":"https:\/\/dombud.com\/de\/wp-json\/wp\/v2\/media?parent=2784"}],"curies":[{"name":"wp","href":"https:\/\/api.w.org\/{rel}","templated":true}]}}