{"id":1734,"date":"2020-05-21T06:49:34","date_gmt":"2020-05-21T04:49:34","guid":{"rendered":"https:\/\/dombud.com\/herstellung-der-stahl-konstruktionen\/"},"modified":"2021-12-29T10:00:03","modified_gmt":"2021-12-29T09:00:03","slug":"herstellung-der-stahl-konstruktionen","status":"publish","type":"page","link":"https:\/\/dombud.com\/de\/herstellung-der-stahl-konstruktionen\/","title":{"rendered":"Herstellung der Stahl konstruktionen"},"content":{"rendered":"<div class=\"wpb-content-wrapper\"><p>[vc_row][vc_column width=&#8220;1\/4&#8243; el_id=&#8220;sticky-sidebar&#8220; offset=&#8220;vc_hidden-xs&#8220;][vc_single_image image=&#8220;1938&#8243; img_size=&#8220;full&#8220;][\/vc_column][vc_column width=&#8220;3\/4&#8243;][vc_column_text]Zweiter Bereich der T\u00e4tigkeit von Przedsi\u0119biorstwo Dombud Sp. z o.o. ist die Fertigung der Stahlkonstruktionen, die wir fertigen, sowohl f\u00fcr unsere komplexe Objekte als auch f\u00fcr Aussenkunden, die die Stahlkonsruktion kaufen wollen. Stahlkonstruktionen werden <strong>in unserem Werk in Odolan\u00f3w in der Le\u015bna-Strasse 2 gefertigt.<\/strong><\/p>\n<h3>Wir bieten unseren Kunden folgende Dienstleistungen an:<\/h3>\n<ul>\n<li>Erstellung der Ausf\u00fchrungsprojekte, Fertigung und Montage der Stahlkonstruktion<\/li>\n<li>Fertigung der Stahlkonstruktion aufgrund der von dem Auftraggeber \u00fcbergebenen Dokumentation<\/li>\n<li>Montage der Stahlkonstruktion<\/li>\n<li>Optimierung der Projekte<\/li>\n<\/ul>\n<h3>Wir fertigen folgende Arten der Stahlkonstruktionen:<\/h3>\n<ul>\n<li>Stahlhallen<\/li>\n<li>Fachwerktr\u00e4ger<\/li>\n<li>Geschweisste Blechtr\u00e4ger<\/li>\n<li>Umschlagbr\u00fccken<\/li>\n<li>Technologische B\u00fchnen<\/li>\n<li>Pylons, Werbungsmasts<\/li>\n<li>Untypische Stahlkonstruktionen<\/li>\n<\/ul>\n<h3>Zur Fertigung der Stahlkonstruktionen besitzt die Firma qualifiziertes Team und entsprechende Zertifikate und Berechtigungen:<\/h3>\n<ul>\n<li><a class=\"fancybox image\" href=\"https:\/\/dombud.com\/wp-content\/uploads\/2018\/01\/04PL-CERTYFIKAT-ZKP-1090-1-od-15-12-2016-ORYGINAL-str-2.jpg\">\u00dcbereinstimmungszertifikat f\u00fcr Betriebsproduktionskontrolle Nr. 1405-CPR-001 nach Richtlinien PN-EN 1090-1+A1:2012;<\/a><\/li>\n<li><a class=\"fancybox image\" href=\"https:\/\/dombud.com\/wp-content\/uploads\/2021\/12\/05PL_CERTYFIKAT_3834-2_str_1.jpg\">\u00dcbereinstimmungszertifikat der Schweissprozesse mit Qualit\u00e4tsforderungen in der Schweisstechnik Nr. C-WS\/030\/3\/21 nach der Norm PN-EN ISO 3834-2:2007;<\/a><\/li>\n<li><a href=\"https:\/\/dombud.com\/wp-content\/uploads\/2021\/07\/UPOWAZNIENIE_nr91_PPG_20_wazne_do_09092022_STEELGUARD-PPG.jpg\">Lizenz des Ausf\u00fchrers, berechtigt zum Beschichten der Brandschutzfarben.<\/a><\/li>\n<\/ul>\n<p>[\/vc_column_text][\/vc_column][\/vc_row][vc_row][vc_column el_id=&#8220;sticky-sidebar-end&#8220;][vc_empty_space height=&#8220;50px&#8220;][\/vc_column][\/vc_row][vc_row full_width=&#8220;stretch_row_content_no_spaces&#8220; css=&#8220;.vc_custom_1589287996534{padding-top: 50px !important;padding-bottom: 50px !important;background-color: #0a5185 !important;}&#8220;][vc_column][vc_custom_heading text=&#8220;SEHEN SIE UNSERE PROJEKTE&#8220; font_container=&#8220;tag:h3|text_align:center|color:%23ffffff&#8220; use_theme_fonts=&#8220;yes&#8220; link=&#8220;url:https%3A%2F%2Fdombud.com%2Fde%2Frealisierungen%2F|&#8220; css=&#8220;.vc_custom_1589283780677{margin-bottom: 0px !important;}&#8220;][\/vc_column][\/vc_row][vc_row full_width=&#8220;stretch_row_content_no_spaces&#8220; el_class=&#8220;realizacje&#8220;][vc_column width=&#8220;1\/4&#8243;]<div tabindex=\"0\" class=\"ult-new-ib ult-ib-effect-style1  ult-ib-resp   vc_custom_1590491051550\" data-min-width=\"768\" data-max-width=\"900\" style=\"background:#0c3a5b;\" data-opacity=\"1\" data-hover-opacity=\"0.5\" ><img decoding=\"async\" class=\"ult-new-ib-img\" style=\"opacity:1;\" alt=\"null\" src=\"https:\/\/dombud.com\/wp-content\/uploads\/2017\/08\/dombud_garcarek.jpg\"   \/><div id=\"interactive-banner-wrap-5870\" class=\"ult-new-ib-desc\" style=\"\"><h2 class=\"ult-new-ib-title ult-responsive\"  data-ultimate-target='#interactive-banner-wrap-5870 .ult-new-ib-title'  data-responsive-json-new='{\"font-size\":\"desktop:18px;\",\"line-height\":\"desktop:24px;\"}'  style=\"font-weight:bold;color:#ffffff;\">LOGISTISCHE OBJEKTE-LAGERHALLEN<\/h2><div class=\"ult-new-ib-content ult-responsive\"  data-ultimate-target='#interactive-banner-wrap-5870 .ult-new-ib-content'  data-responsive-json-new='{\"font-size\":\"\",\"line-height\":\"\"}'  style=\"font-weight:normal;color:#ffffff;\"><p>Mehr sehen &gt;<\/p><\/div><\/div><a class=\"ult-new-ib-link\" href=\"https:\/\/dombud.com\/de\/realisierungen\/logistische-objekte-lagerhallen\/\" title=\"Logistische objekte-lagerhallen\"  ><\/a><\/div>[\/vc_column][vc_column width=&#8220;1\/4&#8243;]<div tabindex=\"0\" class=\"ult-new-ib ult-ib-effect-style1  ult-ib-resp   vc_custom_1590491067627\" data-min-width=\"768\" data-max-width=\"900\" style=\"background:#922221;\" data-opacity=\"1\" data-hover-opacity=\"0.5\" ><img decoding=\"async\" class=\"ult-new-ib-img\" style=\"opacity:1;\" alt=\"null\" src=\"https:\/\/dombud.com\/wp-content\/uploads\/2017\/08\/dombud_zupbadura.jpg\"   \/><div id=\"interactive-banner-wrap-5090\" class=\"ult-new-ib-desc\" style=\"\"><h2 class=\"ult-new-ib-title ult-responsive\"  data-ultimate-target='#interactive-banner-wrap-5090 .ult-new-ib-title'  data-responsive-json-new='{\"font-size\":\"desktop:18px;\",\"line-height\":\"desktop:24px;\"}'  style=\"font-weight:bold;color:#ffffff;\">PRODUKTIONS-LAGERHALLEN<\/h2><div class=\"ult-new-ib-content ult-responsive\"  data-ultimate-target='#interactive-banner-wrap-5090 .ult-new-ib-content'  data-responsive-json-new='{\"font-size\":\"\",\"line-height\":\"\"}'  style=\"font-weight:normal;color:#ffffff;\"><p>Mehr sehen &gt;<\/p><\/div><\/div><a class=\"ult-new-ib-link\" href=\"https:\/\/dombud.com\/de\/realisierungen\/produktions-lagerhallen\/\" title=\"Produktions-lagerhallen\"  ><\/a><\/div>[\/vc_column][vc_column width=&#8220;1\/4&#8243;]<div tabindex=\"0\" class=\"ult-new-ib ult-ib-effect-style1  ult-ib-resp   vc_custom_1590491084835\" data-min-width=\"768\" data-max-width=\"900\" style=\"background:#47573c;\" data-opacity=\"1\" data-hover-opacity=\"0.5\" ><img decoding=\"async\" class=\"ult-new-ib-img\" style=\"opacity:1;\" alt=\"null\" src=\"https:\/\/dombud.com\/wp-content\/uploads\/2017\/08\/dombud_piast.jpg\"   \/><div id=\"interactive-banner-wrap-2273\" class=\"ult-new-ib-desc\" style=\"\"><h2 class=\"ult-new-ib-title ult-responsive\"  data-ultimate-target='#interactive-banner-wrap-2273 .ult-new-ib-title'  data-responsive-json-new='{\"font-size\":\"desktop:18px;\",\"line-height\":\"desktop:24px;\"}'  style=\"font-weight:bold;color:#ffffff;\">OBJEKTE F\u00dcR LANDWIRTSCHAFT UND LEBENSMITTELINDUSTRIE<\/h2><div class=\"ult-new-ib-content ult-responsive\"  data-ultimate-target='#interactive-banner-wrap-2273 .ult-new-ib-content'  data-responsive-json-new='{\"font-size\":\"\",\"line-height\":\"\"}'  style=\"font-weight:normal;color:#ffffff;\"><p>Mehr sehen &gt;<\/p><\/div><\/div><a class=\"ult-new-ib-link\" href=\"https:\/\/dombud.com\/de\/realisierungen\/objekte-fuer-landwirtschaft-und-lebensmittelindustrie\/\" title=\"Objekte f\u00fcr landwirtschaft und lebensmittelindustrie\"  ><\/a><\/div>[\/vc_column][vc_column width=&#8220;1\/4&#8243;]<div tabindex=\"0\" class=\"ult-new-ib ult-ib-effect-style1  ult-ib-resp   vc_custom_1590491100089\" data-min-width=\"768\" data-max-width=\"900\" style=\"background:#2c363f;\" data-opacity=\"1\" data-hover-opacity=\"0.5\" ><img decoding=\"async\" class=\"ult-new-ib-img\" style=\"opacity:1;\" alt=\"null\" src=\"https:\/\/dombud.com\/wp-content\/uploads\/2017\/08\/dombud_ampol.jpg\"   \/><div id=\"interactive-banner-wrap-1681\" class=\"ult-new-ib-desc\" style=\"\"><h2 class=\"ult-new-ib-title ult-responsive\"  data-ultimate-target='#interactive-banner-wrap-1681 .ult-new-ib-title'  data-responsive-json-new='{\"font-size\":\"desktop:18px;\",\"line-height\":\"desktop:24px;\"}'  style=\"font-weight:bold;color:#ffffff;\">STAHLKONSTRUKTIONEN<\/h2><div class=\"ult-new-ib-content ult-responsive\"  data-ultimate-target='#interactive-banner-wrap-1681 .ult-new-ib-content'  data-responsive-json-new='{\"font-size\":\"\",\"line-height\":\"\"}'  style=\"font-weight:normal;color:#ffffff;\"><p>Mehr sehen &gt;<\/p><\/div><\/div><a class=\"ult-new-ib-link\" href=\"https:\/\/dombud.com\/de\/realisierungen\/stahlkonstruktionen\/\" title=\"Stahlkonstruktionen\"  ><\/a><\/div>[\/vc_column][\/vc_row]<\/p>\n<\/div>","protected":false},"excerpt":{"rendered":"<p>[vc_row][vc_column width=&#8220;1\/4&#8243; el_id=&#8220;sticky-sidebar&#8220; offset=&#8220;vc_hidden-xs&#8220;][vc_single_image image=&#8220;1938&#8243; img_size=&#8220;full&#8220;][\/vc_column][vc_column width=&#8220;3\/4&#8243;][vc_column_text]Zweiter Bereich der T\u00e4tigkeit von Przedsi\u0119biorstwo Dombud Sp. z o.o. ist die Fertigung der Stahlkonstruktionen, die wir fertigen, sowohl f\u00fcr unsere komplexe Objekte als auch f\u00fcr Aussenkunden, die die Stahlkonsruktion kaufen wollen. Stahlkonstruktionen werden in unserem Werk in Odolan\u00f3w in der Le\u015bna-Strasse 2 gefertigt. Wir bieten unseren Kunden folgende&hellip;<\/p>\n","protected":false},"author":2,"featured_media":0,"parent":0,"menu_order":0,"comment_status":"closed","ping_status":"closed","template":"","meta":{"footnotes":""},"class_list":["post-1734","page","type-page","status-publish","hentry","description-off"],"yoast_head":"<!-- This site is optimized with the Yoast SEO plugin v26.0 - https:\/\/yoast.com\/wordpress\/plugins\/seo\/ -->\n<title>Herstellung der Stahl konstruktionen - DOMBUD<\/title>\n<meta name=\"robots\" content=\"index, follow, max-snippet:-1, max-image-preview:large, max-video-preview:-1\" \/>\n<link rel=\"canonical\" href=\"https:\/\/dombud.com\/de\/herstellung-der-stahl-konstruktionen\/\" \/>\n<meta property=\"og:locale\" content=\"de_DE\" \/>\n<meta property=\"og:type\" content=\"article\" \/>\n<meta property=\"og:title\" content=\"Herstellung der Stahl konstruktionen - DOMBUD\" \/>\n<meta property=\"og:description\" content=\"[vc_row][vc_column width=&#8220;1\/4&#8243; el_id=&#8220;sticky-sidebar&#8220; offset=&#8220;vc_hidden-xs&#8220;][vc_single_image image=&#8220;1938&#8243; img_size=&#8220;full&#8220;][\/vc_column][vc_column width=&#8220;3\/4&#8243;][vc_column_text]Zweiter Bereich der T\u00e4tigkeit von Przedsi\u0119biorstwo Dombud Sp. z o.o. ist die Fertigung der Stahlkonstruktionen, die wir fertigen, sowohl f\u00fcr unsere komplexe Objekte als auch f\u00fcr Aussenkunden, die die Stahlkonsruktion kaufen wollen. Stahlkonstruktionen werden in unserem Werk in Odolan\u00f3w in der Le\u015bna-Strasse 2 gefertigt. Wir bieten unseren Kunden folgende&hellip;\" \/>\n<meta property=\"og:url\" content=\"https:\/\/dombud.com\/de\/herstellung-der-stahl-konstruktionen\/\" \/>\n<meta property=\"og:site_name\" content=\"DOMBUD\" \/>\n<meta property=\"article:modified_time\" content=\"2021-12-29T09:00:03+00:00\" \/>\n<meta name=\"twitter:card\" content=\"summary_large_image\" \/>\n<meta name=\"twitter:label1\" content=\"Gesch\u00e4tzte Lesezeit\" \/>\n\t<meta name=\"twitter:data1\" content=\"2\u00a0Minuten\" \/>\n<script type=\"application\/ld+json\" class=\"yoast-schema-graph\">{\"@context\":\"https:\/\/schema.org\",\"@graph\":[{\"@type\":\"WebPage\",\"@id\":\"https:\/\/dombud.com\/de\/herstellung-der-stahl-konstruktionen\/\",\"url\":\"https:\/\/dombud.com\/de\/herstellung-der-stahl-konstruktionen\/\",\"name\":\"Herstellung der Stahl konstruktionen - DOMBUD\",\"isPartOf\":{\"@id\":\"https:\/\/dombud.com\/de\/#website\"},\"datePublished\":\"2020-05-21T04:49:34+00:00\",\"dateModified\":\"2021-12-29T09:00:03+00:00\",\"breadcrumb\":{\"@id\":\"https:\/\/dombud.com\/de\/herstellung-der-stahl-konstruktionen\/#breadcrumb\"},\"inLanguage\":\"de\",\"potentialAction\":[{\"@type\":\"ReadAction\",\"target\":[\"https:\/\/dombud.com\/de\/herstellung-der-stahl-konstruktionen\/\"]}]},{\"@type\":\"BreadcrumbList\",\"@id\":\"https:\/\/dombud.com\/de\/herstellung-der-stahl-konstruktionen\/#breadcrumb\",\"itemListElement\":[{\"@type\":\"ListItem\",\"position\":1,\"name\":\"Strona g\u0142\u00f3wna\",\"item\":\"https:\/\/dombud.com\/de\/\"},{\"@type\":\"ListItem\",\"position\":2,\"name\":\"Herstellung der Stahl konstruktionen\"}]},{\"@type\":\"WebSite\",\"@id\":\"https:\/\/dombud.com\/de\/#website\",\"url\":\"https:\/\/dombud.com\/de\/\",\"name\":\"DOMBUD\",\"description\":\"TW\u00d3J PARTNER W BUDOWNICTWIE\",\"potentialAction\":[{\"@type\":\"SearchAction\",\"target\":{\"@type\":\"EntryPoint\",\"urlTemplate\":\"https:\/\/dombud.com\/de\/?s={search_term_string}\"},\"query-input\":{\"@type\":\"PropertyValueSpecification\",\"valueRequired\":true,\"valueName\":\"search_term_string\"}}],\"inLanguage\":\"de\"}]}<\/script>\n<!-- \/ Yoast SEO plugin. -->","yoast_head_json":{"title":"Herstellung der Stahl konstruktionen - DOMBUD","robots":{"index":"index","follow":"follow","max-snippet":"max-snippet:-1","max-image-preview":"max-image-preview:large","max-video-preview":"max-video-preview:-1"},"canonical":"https:\/\/dombud.com\/de\/herstellung-der-stahl-konstruktionen\/","og_locale":"de_DE","og_type":"article","og_title":"Herstellung der Stahl konstruktionen - DOMBUD","og_description":"[vc_row][vc_column width=&#8220;1\/4&#8243; el_id=&#8220;sticky-sidebar&#8220; offset=&#8220;vc_hidden-xs&#8220;][vc_single_image image=&#8220;1938&#8243; img_size=&#8220;full&#8220;][\/vc_column][vc_column width=&#8220;3\/4&#8243;][vc_column_text]Zweiter Bereich der T\u00e4tigkeit von Przedsi\u0119biorstwo Dombud Sp. z o.o. ist die Fertigung der Stahlkonstruktionen, die wir fertigen, sowohl f\u00fcr unsere komplexe Objekte als auch f\u00fcr Aussenkunden, die die Stahlkonsruktion kaufen wollen. Stahlkonstruktionen werden in unserem Werk in Odolan\u00f3w in der Le\u015bna-Strasse 2 gefertigt. Wir bieten unseren Kunden folgende&hellip;","og_url":"https:\/\/dombud.com\/de\/herstellung-der-stahl-konstruktionen\/","og_site_name":"DOMBUD","article_modified_time":"2021-12-29T09:00:03+00:00","twitter_card":"summary_large_image","twitter_misc":{"Gesch\u00e4tzte Lesezeit":"2\u00a0Minuten"},"schema":{"@context":"https:\/\/schema.org","@graph":[{"@type":"WebPage","@id":"https:\/\/dombud.com\/de\/herstellung-der-stahl-konstruktionen\/","url":"https:\/\/dombud.com\/de\/herstellung-der-stahl-konstruktionen\/","name":"Herstellung der Stahl konstruktionen - DOMBUD","isPartOf":{"@id":"https:\/\/dombud.com\/de\/#website"},"datePublished":"2020-05-21T04:49:34+00:00","dateModified":"2021-12-29T09:00:03+00:00","breadcrumb":{"@id":"https:\/\/dombud.com\/de\/herstellung-der-stahl-konstruktionen\/#breadcrumb"},"inLanguage":"de","potentialAction":[{"@type":"ReadAction","target":["https:\/\/dombud.com\/de\/herstellung-der-stahl-konstruktionen\/"]}]},{"@type":"BreadcrumbList","@id":"https:\/\/dombud.com\/de\/herstellung-der-stahl-konstruktionen\/#breadcrumb","itemListElement":[{"@type":"ListItem","position":1,"name":"Strona g\u0142\u00f3wna","item":"https:\/\/dombud.com\/de\/"},{"@type":"ListItem","position":2,"name":"Herstellung der Stahl konstruktionen"}]},{"@type":"WebSite","@id":"https:\/\/dombud.com\/de\/#website","url":"https:\/\/dombud.com\/de\/","name":"DOMBUD","description":"TW\u00d3J PARTNER W BUDOWNICTWIE","potentialAction":[{"@type":"SearchAction","target":{"@type":"EntryPoint","urlTemplate":"https:\/\/dombud.com\/de\/?s={search_term_string}"},"query-input":{"@type":"PropertyValueSpecification","valueRequired":true,"valueName":"search_term_string"}}],"inLanguage":"de"}]}},"_links":{"self":[{"href":"https:\/\/dombud.com\/de\/wp-json\/wp\/v2\/pages\/1734","targetHints":{"allow":["GET"]}}],"collection":[{"href":"https:\/\/dombud.com\/de\/wp-json\/wp\/v2\/pages"}],"about":[{"href":"https:\/\/dombud.com\/de\/wp-json\/wp\/v2\/types\/page"}],"author":[{"embeddable":true,"href":"https:\/\/dombud.com\/de\/wp-json\/wp\/v2\/users\/2"}],"replies":[{"embeddable":true,"href":"https:\/\/dombud.com\/de\/wp-json\/wp\/v2\/comments?post=1734"}],"version-history":[{"count":8,"href":"https:\/\/dombud.com\/de\/wp-json\/wp\/v2\/pages\/1734\/revisions"}],"predecessor-version":[{"id":2764,"href":"https:\/\/dombud.com\/de\/wp-json\/wp\/v2\/pages\/1734\/revisions\/2764"}],"wp:attachment":[{"href":"https:\/\/dombud.com\/de\/wp-json\/wp\/v2\/media?parent=1734"}],"curies":[{"name":"wp","href":"https:\/\/api.w.org\/{rel}","templated":true}]}}