{"id":1718,"date":"2020-05-21T06:25:16","date_gmt":"2020-05-21T04:25:16","guid":{"rendered":"https:\/\/dombud.com\/unternehmensorganisation\/"},"modified":"2020-05-21T06:25:16","modified_gmt":"2020-05-21T04:25:16","slug":"unternehmensorganisation","status":"publish","type":"page","link":"https:\/\/dombud.com\/de\/unternehmensorganisation\/","title":{"rendered":"Unternehmensorganisation"},"content":{"rendered":"<div class=\"wpb-content-wrapper\"><p>[vc_row css=&#8220;.vc_custom_1589213035588{background-image: url(https:\/\/dombud.com\/wp-content\/uploads\/2017\/08\/organizacja-tlo.jpg?id=306) !important;}&#8220; el_class=&#8220;organizacja-box&#8220;][vc_column][vc_row_inner content_placement=&#8220;bottom&#8220;][vc_column_inner width=&#8220;1\/3&#8243;][vc_column_text]Unternehmen DOMBUD Sp. z o.o. in Odolan\u00f3w ul. Le\u015bna 2 ist die Gesellschaft von dem Handelsrecht, registriert im Landesgerichtsregister \u2013 Wirtschaftsabteilung in Pozna\u0144 f\u00fcr die unbefristete Zeit, unter der Nummer 0000102863, entstanden laut der notariellen Urkunde vom 20.06.1990. Erste Eintragung wurde am 04.04.2002 gemacht.<\/p>\n<p>T\u00e4tigkeit der Gesellschaft wird aufgrund von Handelsgesetzbuch und Gesellschaftsvertrag gef\u00fchrt. Organe von dem Betrieb DOMBUD Gesellschaft mit beschr\u00e4nkter Haftung sind Gesellschafterversammlung, die das wichtigste Organ der Gesellschaft ist und Vorstand, der Gesellschaftsangelegenheiten f\u00fchrt und der die Gesellschaft nach Aussen vertritt.[\/vc_column_text][vc_empty_space height=&#8220;30px&#8220;][\/vc_column_inner][vc_column_inner width=&#8220;2\/3&#8243;][vc_single_image image=&#8220;301&#8243; img_size=&#8220;full&#8220; alignment=&#8220;center&#8220;][\/vc_column_inner][\/vc_row_inner][vc_empty_space height=&#8220;1px&#8220;][vc_row_inner content_placement=&#8220;middle&#8220; css=&#8220;.vc_custom_1589286933695{padding-top: 10px !important;padding-right: 10px !important;padding-bottom: 10px !important;padding-left: 10px !important;background-color: #0a5185 !important;}&#8220; el_class=&#8220;organizacja&#8220;][vc_column_inner width=&#8220;1\/2&#8243;][vc_column_text]<strong><span style=\"color: #cccccc;\">Organisation Przedsi\u0119biorstwo DOMBUD Sp. z o.o. bestimmt der Vorstand, der besteht aus:<\/span><\/strong>[\/vc_column_text][\/vc_column_inner][vc_column_inner width=&#8220;1\/6&#8243;][vc_column_text]<\/p>\n<p id=\"u9703-2\" style=\"text-align: center;\"><span style=\"color: #cccccc;\"><strong>Jan Czubak<\/strong><\/span><br \/>\n<span style=\"color: #cccccc;\">Stellvertreter von dem Gesch\u00e4ftsf\u00fchrer<\/span><\/p>\n<p>[\/vc_column_text][\/vc_column_inner][vc_column_inner width=&#8220;1\/6&#8243;][vc_column_text]<\/p>\n<p id=\"u9700-2\" style=\"text-align: center;\"><span style=\"color: #cccccc;\"><strong>Henryk Czubak<\/strong><\/span><br \/>\n<span style=\"color: #cccccc;\">Vorstandsvorsitzender<\/span><\/p>\n<p>[\/vc_column_text][\/vc_column_inner][vc_column_inner width=&#8220;1\/6&#8243;][\/vc_column_inner][\/vc_row_inner][\/vc_column][\/vc_row]<\/p>\n<\/div>","protected":false},"excerpt":{"rendered":"<p>[vc_row css=&#8220;.vc_custom_1589213035588{background-image: url(https:\/\/dombud.com\/wp-content\/uploads\/2017\/08\/organizacja-tlo.jpg?id=306) !important;}&#8220; el_class=&#8220;organizacja-box&#8220;][vc_column][vc_row_inner content_placement=&#8220;bottom&#8220;][vc_column_inner width=&#8220;1\/3&#8243;][vc_column_text]Unternehmen DOMBUD Sp. z o.o. in Odolan\u00f3w ul. Le\u015bna 2 ist die Gesellschaft von dem Handelsrecht, registriert im Landesgerichtsregister \u2013 Wirtschaftsabteilung in Pozna\u0144 f\u00fcr die unbefristete Zeit, unter der Nummer 0000102863, entstanden laut der notariellen Urkunde vom 20.06.1990. Erste Eintragung wurde am 04.04.2002 gemacht. T\u00e4tigkeit der Gesellschaft wird aufgrund&hellip;<\/p>\n","protected":false},"author":2,"featured_media":0,"parent":0,"menu_order":0,"comment_status":"closed","ping_status":"closed","template":"","meta":{"footnotes":""},"class_list":["post-1718","page","type-page","status-publish","hentry","description-off"],"yoast_head":"<!-- This site is optimized with the Yoast SEO plugin v26.0 - https:\/\/yoast.com\/wordpress\/plugins\/seo\/ -->\n<title>Unternehmensorganisation - DOMBUD<\/title>\n<meta name=\"robots\" content=\"index, follow, max-snippet:-1, max-image-preview:large, max-video-preview:-1\" \/>\n<link rel=\"canonical\" href=\"https:\/\/dombud.com\/de\/unternehmensorganisation\/\" \/>\n<meta property=\"og:locale\" content=\"de_DE\" \/>\n<meta property=\"og:type\" content=\"article\" \/>\n<meta property=\"og:title\" content=\"Unternehmensorganisation - DOMBUD\" \/>\n<meta property=\"og:description\" content=\"[vc_row css=&#8220;.vc_custom_1589213035588{background-image: url(https:\/\/dombud.com\/wp-content\/uploads\/2017\/08\/organizacja-tlo.jpg?id=306) !important;}&#8220; el_class=&#8220;organizacja-box&#8220;][vc_column][vc_row_inner content_placement=&#8220;bottom&#8220;][vc_column_inner width=&#8220;1\/3&#8243;][vc_column_text]Unternehmen DOMBUD Sp. z o.o. in Odolan\u00f3w ul. Le\u015bna 2 ist die Gesellschaft von dem Handelsrecht, registriert im Landesgerichtsregister \u2013 Wirtschaftsabteilung in Pozna\u0144 f\u00fcr die unbefristete Zeit, unter der Nummer 0000102863, entstanden laut der notariellen Urkunde vom 20.06.1990. Erste Eintragung wurde am 04.04.2002 gemacht. T\u00e4tigkeit der Gesellschaft wird aufgrund&hellip;\" \/>\n<meta property=\"og:url\" content=\"https:\/\/dombud.com\/de\/unternehmensorganisation\/\" \/>\n<meta property=\"og:site_name\" content=\"DOMBUD\" \/>\n<meta name=\"twitter:card\" content=\"summary_large_image\" \/>\n<meta name=\"twitter:label1\" content=\"Gesch\u00e4tzte Lesezeit\" \/>\n\t<meta name=\"twitter:data1\" content=\"1\u00a0Minute\" \/>\n<script type=\"application\/ld+json\" class=\"yoast-schema-graph\">{\"@context\":\"https:\/\/schema.org\",\"@graph\":[{\"@type\":\"WebPage\",\"@id\":\"https:\/\/dombud.com\/de\/unternehmensorganisation\/\",\"url\":\"https:\/\/dombud.com\/de\/unternehmensorganisation\/\",\"name\":\"Unternehmensorganisation - DOMBUD\",\"isPartOf\":{\"@id\":\"https:\/\/dombud.com\/de\/#website\"},\"datePublished\":\"2020-05-21T04:25:16+00:00\",\"breadcrumb\":{\"@id\":\"https:\/\/dombud.com\/de\/unternehmensorganisation\/#breadcrumb\"},\"inLanguage\":\"de\",\"potentialAction\":[{\"@type\":\"ReadAction\",\"target\":[\"https:\/\/dombud.com\/de\/unternehmensorganisation\/\"]}]},{\"@type\":\"BreadcrumbList\",\"@id\":\"https:\/\/dombud.com\/de\/unternehmensorganisation\/#breadcrumb\",\"itemListElement\":[{\"@type\":\"ListItem\",\"position\":1,\"name\":\"Strona g\u0142\u00f3wna\",\"item\":\"https:\/\/dombud.com\/de\/\"},{\"@type\":\"ListItem\",\"position\":2,\"name\":\"Unternehmensorganisation\"}]},{\"@type\":\"WebSite\",\"@id\":\"https:\/\/dombud.com\/de\/#website\",\"url\":\"https:\/\/dombud.com\/de\/\",\"name\":\"DOMBUD\",\"description\":\"TW\u00d3J PARTNER W BUDOWNICTWIE\",\"potentialAction\":[{\"@type\":\"SearchAction\",\"target\":{\"@type\":\"EntryPoint\",\"urlTemplate\":\"https:\/\/dombud.com\/de\/?s={search_term_string}\"},\"query-input\":{\"@type\":\"PropertyValueSpecification\",\"valueRequired\":true,\"valueName\":\"search_term_string\"}}],\"inLanguage\":\"de\"}]}<\/script>\n<!-- \/ Yoast SEO plugin. -->","yoast_head_json":{"title":"Unternehmensorganisation - DOMBUD","robots":{"index":"index","follow":"follow","max-snippet":"max-snippet:-1","max-image-preview":"max-image-preview:large","max-video-preview":"max-video-preview:-1"},"canonical":"https:\/\/dombud.com\/de\/unternehmensorganisation\/","og_locale":"de_DE","og_type":"article","og_title":"Unternehmensorganisation - DOMBUD","og_description":"[vc_row css=&#8220;.vc_custom_1589213035588{background-image: url(https:\/\/dombud.com\/wp-content\/uploads\/2017\/08\/organizacja-tlo.jpg?id=306) !important;}&#8220; el_class=&#8220;organizacja-box&#8220;][vc_column][vc_row_inner content_placement=&#8220;bottom&#8220;][vc_column_inner width=&#8220;1\/3&#8243;][vc_column_text]Unternehmen DOMBUD Sp. z o.o. in Odolan\u00f3w ul. Le\u015bna 2 ist die Gesellschaft von dem Handelsrecht, registriert im Landesgerichtsregister \u2013 Wirtschaftsabteilung in Pozna\u0144 f\u00fcr die unbefristete Zeit, unter der Nummer 0000102863, entstanden laut der notariellen Urkunde vom 20.06.1990. Erste Eintragung wurde am 04.04.2002 gemacht. T\u00e4tigkeit der Gesellschaft wird aufgrund&hellip;","og_url":"https:\/\/dombud.com\/de\/unternehmensorganisation\/","og_site_name":"DOMBUD","twitter_card":"summary_large_image","twitter_misc":{"Gesch\u00e4tzte Lesezeit":"1\u00a0Minute"},"schema":{"@context":"https:\/\/schema.org","@graph":[{"@type":"WebPage","@id":"https:\/\/dombud.com\/de\/unternehmensorganisation\/","url":"https:\/\/dombud.com\/de\/unternehmensorganisation\/","name":"Unternehmensorganisation - DOMBUD","isPartOf":{"@id":"https:\/\/dombud.com\/de\/#website"},"datePublished":"2020-05-21T04:25:16+00:00","breadcrumb":{"@id":"https:\/\/dombud.com\/de\/unternehmensorganisation\/#breadcrumb"},"inLanguage":"de","potentialAction":[{"@type":"ReadAction","target":["https:\/\/dombud.com\/de\/unternehmensorganisation\/"]}]},{"@type":"BreadcrumbList","@id":"https:\/\/dombud.com\/de\/unternehmensorganisation\/#breadcrumb","itemListElement":[{"@type":"ListItem","position":1,"name":"Strona g\u0142\u00f3wna","item":"https:\/\/dombud.com\/de\/"},{"@type":"ListItem","position":2,"name":"Unternehmensorganisation"}]},{"@type":"WebSite","@id":"https:\/\/dombud.com\/de\/#website","url":"https:\/\/dombud.com\/de\/","name":"DOMBUD","description":"TW\u00d3J PARTNER W BUDOWNICTWIE","potentialAction":[{"@type":"SearchAction","target":{"@type":"EntryPoint","urlTemplate":"https:\/\/dombud.com\/de\/?s={search_term_string}"},"query-input":{"@type":"PropertyValueSpecification","valueRequired":true,"valueName":"search_term_string"}}],"inLanguage":"de"}]}},"_links":{"self":[{"href":"https:\/\/dombud.com\/de\/wp-json\/wp\/v2\/pages\/1718","targetHints":{"allow":["GET"]}}],"collection":[{"href":"https:\/\/dombud.com\/de\/wp-json\/wp\/v2\/pages"}],"about":[{"href":"https:\/\/dombud.com\/de\/wp-json\/wp\/v2\/types\/page"}],"author":[{"embeddable":true,"href":"https:\/\/dombud.com\/de\/wp-json\/wp\/v2\/users\/2"}],"replies":[{"embeddable":true,"href":"https:\/\/dombud.com\/de\/wp-json\/wp\/v2\/comments?post=1718"}],"version-history":[{"count":1,"href":"https:\/\/dombud.com\/de\/wp-json\/wp\/v2\/pages\/1718\/revisions"}],"predecessor-version":[{"id":1719,"href":"https:\/\/dombud.com\/de\/wp-json\/wp\/v2\/pages\/1718\/revisions\/1719"}],"wp:attachment":[{"href":"https:\/\/dombud.com\/de\/wp-json\/wp\/v2\/media?parent=1718"}],"curies":[{"name":"wp","href":"https:\/\/api.w.org\/{rel}","templated":true}]}}