{"id":1694,"date":"2020-05-21T04:29:28","date_gmt":"2020-05-21T02:29:28","guid":{"rendered":"https:\/\/dombud.com\/zuhause\/"},"modified":"2025-08-04T13:04:43","modified_gmt":"2025-08-04T11:04:43","slug":"zuhause","status":"publish","type":"page","link":"https:\/\/dombud.com\/de\/","title":{"rendered":"Zuhause"},"content":{"rendered":"<div class=\"wpb-content-wrapper\"><p>[vc_row full_width=&#8220;stretch_row_content_no_spaces&#8220; css=&#8220;.vc_custom_1589210802032{background-color: #0a5185 !important;}&#8220;][vc_column]\n\t\t\t<!-- START HP REVOLUTION SLIDER 6.2.14 --><p class=\"rs-p-wp-fix\"><\/p>\n\t\t\t<rs-module-wrap id=\"rev_slider_3_1_wrapper\" data-source=\"gallery\" style=\"background:rgba(10,81,133,0);padding:0;margin:0px auto;margin-top:0;margin-bottom:0;\">\n\t\t\t\t<rs-module id=\"rev_slider_3_1\" style=\"\" data-version=\"6.2.14\">\n\t\t\t\t\t<rs-slides>\n\t\t\t\t\t\t<rs-slide data-key=\"rs-53\" data-title=\"Slide\" data-thumb=\"\/\/img.youtube.com\/vi\/bychexfbcM4\/sddefault.jpg\" data-anim=\"ei:d;eo:d;s:600ms;r:0;t:fade;sl:d;\">\n\t\t\t\t\t\t\t<img loading=\"lazy\" decoding=\"async\" src=\"\/\/img.youtube.com\/vi\/bychexfbcM4\/sddefault.jpg\" title=\"dombud-slider-1\" width=\"1800\" height=\"841\" class=\"rev-slidebg\" data-no-retina>\n\t\t\t\t\t\t\t<rs-bgvideo \n\t\t\t\t\t\t\t\tdata-video=\"vc:none;w:100%;h:100%;nse:false;l:false;ptimer:true;\"\n\t\t\t\t\t\t\t\tdata-ytid=\"bychexfbcM4\"\n\t\t\t\t\t\t\t\tdata-vatr=\"version=3&amp;enablejsapi=1&amp;html5=1&amp;hd=1&amp;wmode=opaque&amp;showinfo=0&amp;rel=0&amp;origin=https:\/\/dombud.com;\"\n\t\t\t\t\t\t\t><\/rs-bgvideo>\n<!---->\t\t\t\t\t\t<\/rs-slide>\n\t\t\t\t\t\t<rs-slide data-key=\"rs-54\" data-title=\"Slide\" data-thumb=\"\/\/dombud.com\/wp-content\/uploads\/2017\/09\/dombud-slider-1-100x50.jpg\" data-anim=\"ei:d;eo:d;s:600;r:0;t:fade;sl:d;\">\n\t\t\t\t\t\t\t<img loading=\"lazy\" decoding=\"async\" src=\"\/\/dombud.com\/wp-content\/uploads\/2017\/09\/dombud-slider-1.jpg\" title=\"dombud-slider-1\" width=\"1800\" height=\"841\" class=\"rev-slidebg\" data-no-retina>\n<!--\n\t\t\t\t\t\t\t--><rs-layer\n\t\t\t\t\t\t\t\tid=\"slider-3-slide-54-layer-1\" \n\t\t\t\t\t\t\t\tdata-type=\"text\"\n\t\t\t\t\t\t\t\tdata-color=\"#827a8f\"\n\t\t\t\t\t\t\t\tdata-rsp_ch=\"on\"\n\t\t\t\t\t\t\t\tdata-xy=\"x:c;y:m;yo:130px,130px,100px,80px;\"\n\t\t\t\t\t\t\t\tdata-text=\"s:38,38,24,20;l:44,44,28,24;fw:700;a:inherit;\"\n\t\t\t\t\t\t\t\tdata-frame_0=\"x:175%;o:1;\"\n\t\t\t\t\t\t\t\tdata-frame_0_mask=\"u:t;x:-100%;\"\n\t\t\t\t\t\t\t\tdata-frame_1=\"e:power3.out;sp:1500;\"\n\t\t\t\t\t\t\t\tdata-frame_1_mask=\"u:t;\"\n\t\t\t\t\t\t\t\tdata-frame_999=\"o:0;st:w;sR:3400;\"\n\t\t\t\t\t\t\t\tstyle=\"z-index:5;font-family:Open Sans;\"\n\t\t\t\t\t\t\t>DEIN PARTNER IM BAUEN \n\t\t\t\t\t\t\t<\/rs-layer><!--\n-->\t\t\t\t\t\t<\/rs-slide>\n\t\t\t\t\t\t<rs-slide data-key=\"rs-51\" data-title=\"Slide\" data-thumb=\"\/\/dombud.com\/wp-content\/uploads\/2017\/08\/dombud-slider-2-100x50.jpg\" data-anim=\"ei:d;eo:d;s:600;r:0;t:fade;sl:d;\">\n\t\t\t\t\t\t\t<img decoding=\"async\" src=\"\/\/dombud.com\/wp-content\/uploads\/2017\/08\/dombud-slider-2.jpg\" title=\"Zuhause\" class=\"rev-slidebg\" data-no-retina>\n<!---->\t\t\t\t\t\t<\/rs-slide>\n\t\t\t\t\t\t<rs-slide data-key=\"rs-22\" data-title=\"Slide\" data-thumb=\"\/\/dombud.com\/wp-content\/uploads\/2017\/08\/dombud-slider-3-100x50.jpg\" data-anim=\"ei:d;eo:d;s:600;r:0;t:fade;sl:d;\">\n\t\t\t\t\t\t\t<img decoding=\"async\" src=\"\/\/dombud.com\/wp-content\/uploads\/2017\/08\/dombud-slider-3.jpg\" title=\"Zuhause\" class=\"rev-slidebg\" data-no-retina>\n<!---->\t\t\t\t\t\t<\/rs-slide>\n\t\t\t\t\t\t<rs-slide data-key=\"rs-23\" data-title=\"Slide\" data-thumb=\"\/\/dombud.com\/wp-content\/uploads\/2017\/08\/dombud-slider-4-100x50.jpg\" data-anim=\"ei:d;eo:d;s:600;r:0;t:fade;sl:d;\">\n\t\t\t\t\t\t\t<img decoding=\"async\" src=\"\/\/dombud.com\/wp-content\/uploads\/2017\/08\/dombud-slider-4.jpg\" title=\"Zuhause\" class=\"rev-slidebg\" data-no-retina>\n<!---->\t\t\t\t\t\t<\/rs-slide>\n\t\t\t\t\t\t<rs-slide data-key=\"rs-24\" data-title=\"Slide\" data-thumb=\"\/\/dombud.com\/wp-content\/uploads\/2017\/08\/dombud-slider-5-100x50.jpg\" data-anim=\"ei:d;eo:d;s:600;r:0;t:fade;sl:d;\">\n\t\t\t\t\t\t\t<img decoding=\"async\" src=\"\/\/dombud.com\/wp-content\/uploads\/2017\/08\/dombud-slider-5.jpg\" title=\"Zuhause\" class=\"rev-slidebg\" data-no-retina>\n<!---->\t\t\t\t\t\t<\/rs-slide>\n\t\t\t\t\t\t<rs-slide data-key=\"rs-25\" data-title=\"Slide\" data-thumb=\"\/\/dombud.com\/wp-content\/uploads\/2017\/08\/dombud-slider-6-100x50.jpg\" data-anim=\"ei:d;eo:d;s:600;r:0;t:fade;sl:d;\">\n\t\t\t\t\t\t\t<img decoding=\"async\" src=\"\/\/dombud.com\/wp-content\/uploads\/2017\/08\/dombud-slider-6.jpg\" title=\"Zuhause\" class=\"rev-slidebg\" data-no-retina>\n<!---->\t\t\t\t\t\t<\/rs-slide>\n\t\t\t\t\t\t<rs-slide data-key=\"rs-26\" data-title=\"Slide\" data-thumb=\"\/\/dombud.com\/wp-content\/uploads\/2017\/08\/dombud-slider-7-100x50.jpg\" data-anim=\"ei:d;eo:d;s:600;r:0;t:fade;sl:d;\">\n\t\t\t\t\t\t\t<img decoding=\"async\" src=\"\/\/dombud.com\/wp-content\/uploads\/2017\/08\/dombud-slider-7.jpg\" title=\"Zuhause\" class=\"rev-slidebg\" data-no-retina>\n<!---->\t\t\t\t\t\t<\/rs-slide>\n\t\t\t\t\t\t<rs-slide data-key=\"rs-27\" data-title=\"Slide\" data-thumb=\"\/\/dombud.com\/wp-content\/uploads\/2017\/08\/dombud-slider-8-100x50.jpg\" data-anim=\"ei:d;eo:d;s:600;r:0;t:fade;sl:d;\">\n\t\t\t\t\t\t\t<img decoding=\"async\" src=\"\/\/dombud.com\/wp-content\/uploads\/2017\/08\/dombud-slider-8.jpg\" title=\"Zuhause\" class=\"rev-slidebg\" data-no-retina>\n<!---->\t\t\t\t\t\t<\/rs-slide>\n\t\t\t\t\t\t<rs-slide data-key=\"rs-28\" data-title=\"Slide\" data-thumb=\"\/\/dombud.com\/wp-content\/uploads\/2017\/08\/dombud-slider-9-100x50.jpg\" data-anim=\"ei:d;eo:d;s:600;r:0;t:fade;sl:d;\">\n\t\t\t\t\t\t\t<img decoding=\"async\" src=\"\/\/dombud.com\/wp-content\/uploads\/2017\/08\/dombud-slider-9.jpg\" title=\"Zuhause\" class=\"rev-slidebg\" data-no-retina>\n<!---->\t\t\t\t\t\t<\/rs-slide>\n\t\t\t\t\t\t<rs-slide data-key=\"rs-29\" data-title=\"Slide\" data-thumb=\"\/\/dombud.com\/wp-content\/uploads\/2017\/08\/dombud-slider-10-100x50.jpg\" data-anim=\"ei:d;eo:d;s:600;r:0;t:fade;sl:d;\">\n\t\t\t\t\t\t\t<img decoding=\"async\" src=\"\/\/dombud.com\/wp-content\/uploads\/2017\/08\/dombud-slider-10.jpg\" title=\"Zuhause\" class=\"rev-slidebg\" data-no-retina>\n<!---->\t\t\t\t\t\t<\/rs-slide>\n\t\t\t\t\t\t<rs-slide data-key=\"rs-30\" data-title=\"Slide\" data-thumb=\"\/\/dombud.com\/wp-content\/uploads\/2017\/08\/dombud-slider-11-100x50.jpg\" data-anim=\"ei:d;eo:d;s:600;r:0;t:fade;sl:d;\">\n\t\t\t\t\t\t\t<img decoding=\"async\" src=\"\/\/dombud.com\/wp-content\/uploads\/2017\/08\/dombud-slider-11.jpg\" title=\"Zuhause\" class=\"rev-slidebg\" data-no-retina>\n<!---->\t\t\t\t\t\t<\/rs-slide>\n\t\t\t\t\t\t<rs-slide data-key=\"rs-31\" data-title=\"Slide\" data-thumb=\"\/\/dombud.com\/wp-content\/uploads\/2017\/08\/dombud-slider-12-100x50.jpg\" data-anim=\"ei:d;eo:d;s:600;r:0;t:fade;sl:d;\">\n\t\t\t\t\t\t\t<img decoding=\"async\" src=\"\/\/dombud.com\/wp-content\/uploads\/2017\/08\/dombud-slider-12.jpg\" title=\"Zuhause\" class=\"rev-slidebg\" data-no-retina>\n<!---->\t\t\t\t\t\t<\/rs-slide>\n\t\t\t\t\t\t<rs-slide data-key=\"rs-32\" data-title=\"Slide\" data-thumb=\"\/\/dombud.com\/wp-content\/uploads\/2017\/08\/dombud-slider-13-100x50.jpg\" data-anim=\"ei:d;eo:d;s:600;r:0;t:fade;sl:d;\">\n\t\t\t\t\t\t\t<img decoding=\"async\" src=\"\/\/dombud.com\/wp-content\/uploads\/2017\/08\/dombud-slider-13.jpg\" title=\"Zuhause\" class=\"rev-slidebg\" data-no-retina>\n<!---->\t\t\t\t\t\t<\/rs-slide>\n\t\t\t\t\t\t<rs-slide data-key=\"rs-48\" data-title=\"Slide\" data-thumb=\"\/\/dombud.com\/wp-content\/uploads\/2018\/06\/Dombud-slide_14-100x50.jpg\" data-anim=\"ei:d;eo:d;s:600;r:0;t:fade;sl:d;\">\n\t\t\t\t\t\t\t<img decoding=\"async\" src=\"\/\/dombud.com\/wp-content\/uploads\/2018\/06\/Dombud-slide_14.jpg\" title=\"Zuhause\" class=\"rev-slidebg\" data-no-retina>\n<!---->\t\t\t\t\t\t<\/rs-slide>\n\t\t\t\t\t\t<rs-slide data-key=\"rs-49\" data-title=\"Slide\" data-thumb=\"\/\/dombud.com\/wp-content\/uploads\/2018\/06\/Dombud-slide_15-100x50.jpg\" data-anim=\"ei:d;eo:d;s:600;r:0;t:fade;sl:d;\">\n\t\t\t\t\t\t\t<img decoding=\"async\" src=\"\/\/dombud.com\/wp-content\/uploads\/2018\/06\/Dombud-slide_15.jpg\" title=\"Zuhause\" class=\"rev-slidebg\" data-no-retina>\n<!---->\t\t\t\t\t\t<\/rs-slide>\n\t\t\t\t\t<\/rs-slides>\n\t\t\t\t<\/rs-module>\n\t\t\t\t<script>\n\t\t\t\t\tvar htmlDivCss = unescape(\"%0A%0A%0A%0A%0A%0A%0A%0A%0A%0A%0A%0A%0A%0A%0A%0A%0A%0A\");\n\t\t\t\t\tvar htmlDiv = document.getElementById('rs-plugin-settings-inline-css');\n\t\t\t\t\tif(htmlDiv) {\n\t\t\t\t\t\thtmlDiv.innerHTML = htmlDiv.innerHTML + htmlDivCss;\n\t\t\t\t\t}else{\n\t\t\t\t\t\tvar htmlDiv = document.createElement('div');\n\t\t\t\t\t\thtmlDiv.innerHTML = '<style>' + htmlDivCss + '<\/style>';\n\t\t\t\t\t\tdocument.getElementsByTagName('head')[0].appendChild(htmlDiv.childNodes[0]);\n\t\t\t\t\t}\n\t\t\t\t<\/script>\n\t\t\t<\/rs-module-wrap>\n\t\t\t<!-- END REVOLUTION SLIDER -->\n[\/vc_column][\/vc_row][vc_row css=&#8220;.vc_custom_1589210712617{margin-bottom: 40px !important;padding-top: 70px !important;}&#8220;][vc_column][vc_column_text css=&#8220;&#8220;]<\/p>\n<h3>Firma Dombud ist seit 35 Jahre als Generalausf\u00fchrer und Hersteller der Stahlkonstruktionen auf dem Markt t\u00e4tig. Wir spezialisieren uns auf die Bau der Produktionshallen und Lagerhallen in ganz Polen.<\/h3>\n<p>[\/vc_column_text][\/vc_column][\/vc_row][vc_row][vc_column width=&#8220;1\/2&#8243;][vc_column_text]Wir sichern komplexe Bedienung bei der Durchf\u00fchrung von Investitionsunternehmen. Angefangen von dem Entwurf, Bauprojekt, Ausf\u00fchrungsprojekt, durch die Durchf\u00fchrung der Investition, Abnahmen und bis zur Nutzungsbewilligung einschliesslich.<\/p>\n<p>In Bezug auf reiche Erfahrung und grosses Wissen im Bereich der Investitionen helfen wir unseren Bauherrn die Projekte zu optimieren, um beste technische L\u00f6sungen einf\u00fchren, unn\u00f6ttige Kosten reduzieren und alle formell-rechtlichen Voraussetzungen erledigen.[\/vc_column_text][\/vc_column][vc_column width=&#8220;1\/2&#8243;][vc_column_text]Unser gr\u00f6sster Vorzug ist unser Team der Bauleiter, Ingenieure, Projektante und k\u00f6rperlichen Mitarbeiter. In unserer T\u00e4tigkeit benutzen wir modernste Trends im Bauwesen. Wir entwickeln uns und erweitern ganze Zeit unser Bereich der Leistungen und Qualit\u00e4t der Leistungen.<\/p>\n<p>Wir sind mittelst\u00e4ndige Firma, die 130 Mitarbeiter besch\u00e4ftigt. In Hinsicht auf die Partnereinstellung f\u00fcr die Zusammenarbeit und auf die Leistungen von hoher Qualit\u00e4t sind unsere Kunden sowohl polnische Firmen als auch ausl\u00e4ndische Konzerne. F\u00fcr unsere Kunden sind von grosser Bedeutung Flexibilit\u00e4t, Zuverl\u00e4ssigkeit und Einhalten der Termine bei der Durchf\u00fchrung der Investitionen.[\/vc_column_text][\/vc_column][\/vc_row][vc_row css=&#8220;.vc_custom_1702281854442{margin-top: 20px !important;margin-bottom: 50px !important;}&#8220;][vc_column][vc_column_text css=&#8220;.vc_custom_1552921723674{margin-bottom: 10px !important;}&#8220;]<\/p>\n<h3>Zuletzt ausgew\u00e4hlte Projekte:<\/h3>\n<p>[\/vc_column_text][vc_basic_grid post_type=&#8220;post&#8220; max_items=&#8220;10&#8243; gap=&#8220;10&#8243; item=&#8220;basicGrid_NoAnimation&#8220; initial_loading_animation=&#8220;none&#8220; grid_id=&#8220;vc_gid:1754305473377-f33564c0-02c9-2&#8243; taxonomies=&#8220;34&#8243;][\/vc_column][\/vc_row]<\/p>\n<\/div>","protected":false},"excerpt":{"rendered":"<p>[vc_row full_width=&#8220;stretch_row_content_no_spaces&#8220; css=&#8220;.vc_custom_1589210802032{background-color: #0a5185 !important;}&#8220;][vc_column][\/vc_column][\/vc_row][vc_row css=&#8220;.vc_custom_1589210712617{margin-bottom: 40px !important;padding-top: 70px !important;}&#8220;][vc_column][vc_column_text css=&#8220;&#8220;] Firma Dombud ist seit 35 Jahre als Generalausf\u00fchrer und Hersteller der Stahlkonstruktionen auf dem Markt t\u00e4tig. Wir spezialisieren uns auf die Bau der Produktionshallen und Lagerhallen in ganz Polen. [\/vc_column_text][\/vc_column][\/vc_row][vc_row][vc_column width=&#8220;1\/2&#8243;][vc_column_text]Wir sichern komplexe Bedienung bei der Durchf\u00fchrung von Investitionsunternehmen. Angefangen von dem Entwurf, Bauprojekt,&hellip;<\/p>\n","protected":false},"author":2,"featured_media":0,"parent":0,"menu_order":0,"comment_status":"closed","ping_status":"closed","template":"","meta":{"footnotes":""},"class_list":["post-1694","page","type-page","status-publish","hentry","description-off"],"yoast_head":"<!-- This site is optimized with the Yoast SEO plugin v26.0 - https:\/\/yoast.com\/wordpress\/plugins\/seo\/ -->\n<title>DOMBUD - Stahlkonstruktionen, Lagerhallen, Industrieanlagen<\/title>\n<meta name=\"description\" content=\"Umfassende Ausf\u00fchrung von Stahlhallen und Gro\u00dfanlagen. Auf die Branche zugeschnittene L\u00f6sungen. Langj\u00e4hrige Erfahrung. Ausf\u00fchrung von Anfang bis Ende.\" \/>\n<meta name=\"robots\" content=\"index, follow, max-snippet:-1, max-image-preview:large, max-video-preview:-1\" \/>\n<link rel=\"canonical\" href=\"https:\/\/dombud.com\/de\/\" \/>\n<meta property=\"og:locale\" content=\"de_DE\" \/>\n<meta property=\"og:type\" content=\"article\" \/>\n<meta property=\"og:title\" content=\"DOMBUD - Stahlkonstruktionen, Lagerhallen, Industrieanlagen\" \/>\n<meta property=\"og:description\" content=\"Umfassende Ausf\u00fchrung von Stahlhallen und Gro\u00dfanlagen. Auf die Branche zugeschnittene L\u00f6sungen. Langj\u00e4hrige Erfahrung. Ausf\u00fchrung von Anfang bis Ende.\" \/>\n<meta property=\"og:url\" content=\"https:\/\/dombud.com\/de\/\" \/>\n<meta property=\"og:site_name\" content=\"DOMBUD\" \/>\n<meta property=\"article:modified_time\" content=\"2025-08-04T11:04:43+00:00\" \/>\n<meta name=\"twitter:card\" content=\"summary_large_image\" \/>\n<meta name=\"twitter:label1\" content=\"Gesch\u00e4tzte Lesezeit\" \/>\n\t<meta name=\"twitter:data1\" content=\"2\u00a0Minuten\" \/>\n<script type=\"application\/ld+json\" class=\"yoast-schema-graph\">{\"@context\":\"https:\/\/schema.org\",\"@graph\":[{\"@type\":\"WebPage\",\"@id\":\"https:\/\/dombud.com\/de\/\",\"url\":\"https:\/\/dombud.com\/de\/\",\"name\":\"DOMBUD - Stahlkonstruktionen, Lagerhallen, Industrieanlagen\",\"isPartOf\":{\"@id\":\"https:\/\/dombud.com\/de\/#website\"},\"datePublished\":\"2020-05-21T02:29:28+00:00\",\"dateModified\":\"2025-08-04T11:04:43+00:00\",\"description\":\"Umfassende Ausf\u00fchrung von Stahlhallen und Gro\u00dfanlagen. Auf die Branche zugeschnittene L\u00f6sungen. Langj\u00e4hrige Erfahrung. Ausf\u00fchrung von Anfang bis Ende.\",\"breadcrumb\":{\"@id\":\"https:\/\/dombud.com\/de\/#breadcrumb\"},\"inLanguage\":\"de\",\"potentialAction\":[{\"@type\":\"ReadAction\",\"target\":[\"https:\/\/dombud.com\/de\/\"]}]},{\"@type\":\"BreadcrumbList\",\"@id\":\"https:\/\/dombud.com\/de\/#breadcrumb\",\"itemListElement\":[{\"@type\":\"ListItem\",\"position\":1,\"name\":\"Strona g\u0142\u00f3wna\",\"item\":\"https:\/\/dombud.com\/de\/\"},{\"@type\":\"ListItem\",\"position\":2,\"name\":\"Zuhause\"}]},{\"@type\":\"WebSite\",\"@id\":\"https:\/\/dombud.com\/de\/#website\",\"url\":\"https:\/\/dombud.com\/de\/\",\"name\":\"DOMBUD\",\"description\":\"TW\u00d3J PARTNER W BUDOWNICTWIE\",\"potentialAction\":[{\"@type\":\"SearchAction\",\"target\":{\"@type\":\"EntryPoint\",\"urlTemplate\":\"https:\/\/dombud.com\/de\/?s={search_term_string}\"},\"query-input\":{\"@type\":\"PropertyValueSpecification\",\"valueRequired\":true,\"valueName\":\"search_term_string\"}}],\"inLanguage\":\"de\"}]}<\/script>\n<!-- \/ Yoast SEO plugin. -->","yoast_head_json":{"title":"DOMBUD - Stahlkonstruktionen, Lagerhallen, Industrieanlagen","description":"Umfassende Ausf\u00fchrung von Stahlhallen und Gro\u00dfanlagen. Auf die Branche zugeschnittene L\u00f6sungen. Langj\u00e4hrige Erfahrung. Ausf\u00fchrung von Anfang bis Ende.","robots":{"index":"index","follow":"follow","max-snippet":"max-snippet:-1","max-image-preview":"max-image-preview:large","max-video-preview":"max-video-preview:-1"},"canonical":"https:\/\/dombud.com\/de\/","og_locale":"de_DE","og_type":"article","og_title":"DOMBUD - Stahlkonstruktionen, Lagerhallen, Industrieanlagen","og_description":"Umfassende Ausf\u00fchrung von Stahlhallen und Gro\u00dfanlagen. Auf die Branche zugeschnittene L\u00f6sungen. Langj\u00e4hrige Erfahrung. Ausf\u00fchrung von Anfang bis Ende.","og_url":"https:\/\/dombud.com\/de\/","og_site_name":"DOMBUD","article_modified_time":"2025-08-04T11:04:43+00:00","twitter_card":"summary_large_image","twitter_misc":{"Gesch\u00e4tzte Lesezeit":"2\u00a0Minuten"},"schema":{"@context":"https:\/\/schema.org","@graph":[{"@type":"WebPage","@id":"https:\/\/dombud.com\/de\/","url":"https:\/\/dombud.com\/de\/","name":"DOMBUD - Stahlkonstruktionen, Lagerhallen, Industrieanlagen","isPartOf":{"@id":"https:\/\/dombud.com\/de\/#website"},"datePublished":"2020-05-21T02:29:28+00:00","dateModified":"2025-08-04T11:04:43+00:00","description":"Umfassende Ausf\u00fchrung von Stahlhallen und Gro\u00dfanlagen. Auf die Branche zugeschnittene L\u00f6sungen. Langj\u00e4hrige Erfahrung. Ausf\u00fchrung von Anfang bis Ende.","breadcrumb":{"@id":"https:\/\/dombud.com\/de\/#breadcrumb"},"inLanguage":"de","potentialAction":[{"@type":"ReadAction","target":["https:\/\/dombud.com\/de\/"]}]},{"@type":"BreadcrumbList","@id":"https:\/\/dombud.com\/de\/#breadcrumb","itemListElement":[{"@type":"ListItem","position":1,"name":"Strona g\u0142\u00f3wna","item":"https:\/\/dombud.com\/de\/"},{"@type":"ListItem","position":2,"name":"Zuhause"}]},{"@type":"WebSite","@id":"https:\/\/dombud.com\/de\/#website","url":"https:\/\/dombud.com\/de\/","name":"DOMBUD","description":"TW\u00d3J PARTNER W BUDOWNICTWIE","potentialAction":[{"@type":"SearchAction","target":{"@type":"EntryPoint","urlTemplate":"https:\/\/dombud.com\/de\/?s={search_term_string}"},"query-input":{"@type":"PropertyValueSpecification","valueRequired":true,"valueName":"search_term_string"}}],"inLanguage":"de"}]}},"_links":{"self":[{"href":"https:\/\/dombud.com\/de\/wp-json\/wp\/v2\/pages\/1694","targetHints":{"allow":["GET"]}}],"collection":[{"href":"https:\/\/dombud.com\/de\/wp-json\/wp\/v2\/pages"}],"about":[{"href":"https:\/\/dombud.com\/de\/wp-json\/wp\/v2\/types\/page"}],"author":[{"embeddable":true,"href":"https:\/\/dombud.com\/de\/wp-json\/wp\/v2\/users\/2"}],"replies":[{"embeddable":true,"href":"https:\/\/dombud.com\/de\/wp-json\/wp\/v2\/comments?post=1694"}],"version-history":[{"count":6,"href":"https:\/\/dombud.com\/de\/wp-json\/wp\/v2\/pages\/1694\/revisions"}],"predecessor-version":[{"id":4114,"href":"https:\/\/dombud.com\/de\/wp-json\/wp\/v2\/pages\/1694\/revisions\/4114"}],"wp:attachment":[{"href":"https:\/\/dombud.com\/de\/wp-json\/wp\/v2\/media?parent=1694"}],"curies":[{"name":"wp","href":"https:\/\/api.w.org\/{rel}","templated":true}]}}