{"id":1690,"date":"2020-05-21T04:21:32","date_gmt":"2020-05-21T02:21:32","guid":{"rendered":"https:\/\/dombud.com\/generalaus-fuehrung\/"},"modified":"2020-05-26T14:45:23","modified_gmt":"2020-05-26T12:45:23","slug":"generalaus-fuehrung","status":"publish","type":"page","link":"https:\/\/dombud.com\/de\/generalaus-fuehrung\/","title":{"rendered":"Generalaus f\u00fchrung"},"content":{"rendered":"<div class=\"wpb-content-wrapper\"><p>[vc_row][vc_column width=&#8220;1\/4&#8243; el_id=&#8220;sticky-sidebar&#8220; offset=&#8220;vc_hidden-xs&#8220;][vc_single_image image=&#8220;1936&#8243; img_size=&#8220;full&#8220;][\/vc_column][vc_column width=&#8220;3\/4&#8243;][vc_column_text css=&#8220;.vc_custom_1589223707778{margin-top: 30px !important;margin-bottom: 30px !important;}&#8220;]<\/p>\n<h3 id=\"u54163-2\">Wir sichern unseren Kunden komplexe Bedienung im Bereich, wie folgt:<\/h3>\n<p>[\/vc_column_text][vc_column_text]Der Betrieb Dombud Sp. z o.o. bietet komplexe Ausf\u00fchrung der Lagerhallen und Industrieobjekte an, von dem Entwurf bis zur Abgabe des schl\u00fcsselfertigen Objektes einschlie\u00dflich.<br \/>\nWir besitzen unentbehrliche Erfahrung und Wissen, damit der Investitionsprozess reibungslos und m\u00f6glichst schnell verlaufen w\u00fcrde.[\/vc_column_text][vc_empty_space]<div class=\"smile_icon_list_wrap ult_info_list_container ult-adjust-bottom-margin  \"><ul class=\"smile_icon_list left circle with_bg\"><li class=\"icon_list_item\" style=\" font-size:42px;\"><div class=\"icon_list_icon\" data-animation=\"\" data-animation-delay=\"03\" style=\"font-size:14px;border-width:1px;border-style:none;background:#0a5185;color:#ffffff;border-color:#333333;\"><i class=\"icomoon-the7-font-the7-arrow-29-2\" ><\/i><\/div><div class=\"icon_description\" id=\"Info-list-wrap-7434\" style=\"font-size:14px;\"><h3 class=\"ult-responsive info-list-heading\"  data-ultimate-target='#Info-list-wrap-7434 h3'  data-responsive-json-new='{\"font-size\":\"desktop:16px;\",\"line-height\":\"desktop:24px;\"}'  style=\"\">Vorbereitung von Projektkonzepten<\/h3><div class=\"icon_description_text ult-responsive\"  data-ultimate-target='#Info-list-wrap-7434 .icon_description_text'  data-responsive-json-new='{\"font-size\":\"desktop:13px;\",\"line-height\":\"desktop:18px;\"}'  style=\"\"><\/div><\/div><div class=\"icon_list_connector\"  style=\"border-right-width: 1px;border-right-style: dashed;border-color: #cccccc;\"><\/div><\/li><li class=\"icon_list_item\" style=\" font-size:42px;\"><div class=\"icon_list_icon\" data-animation=\"\" data-animation-delay=\"03\" style=\"font-size:14px;border-width:1px;border-style:none;background:#0a5185;color:#ffffff;border-color:#333333;\"><i class=\"icomoon-the7-font-the7-arrow-29-2\" ><\/i><\/div><div class=\"icon_description\" id=\"Info-list-wrap-3790\" style=\"font-size:14px;\"><h3 class=\"ult-responsive info-list-heading\"  data-ultimate-target='#Info-list-wrap-3790 h3'  data-responsive-json-new='{\"font-size\":\"desktop:16px;\",\"line-height\":\"desktop:24px;\"}'  style=\"\">Umsetzung der notwendigen Projekte zur Erlangung einer Baugenehmigung<\/h3><div class=\"icon_description_text ult-responsive\"  data-ultimate-target='#Info-list-wrap-3790 .icon_description_text'  data-responsive-json-new='{\"font-size\":\"desktop:13px;\",\"line-height\":\"desktop:18px;\"}'  style=\"\"><\/div><\/div><div class=\"icon_list_connector\"  style=\"border-right-width: 1px;border-right-style: dashed;border-color: #cccccc;\"><\/div><\/li><li class=\"icon_list_item\" style=\" font-size:42px;\"><div class=\"icon_list_icon\" data-animation=\"\" data-animation-delay=\"03\" style=\"font-size:14px;border-width:1px;border-style:none;background:#0a5185;color:#ffffff;border-color:#333333;\"><i class=\"icomoon-the7-font-the7-arrow-29-2\" ><\/i><\/div><div class=\"icon_description\" id=\"Info-list-wrap-6676\" style=\"font-size:14px;\"><h3 class=\"ult-responsive info-list-heading\"  data-ultimate-target='#Info-list-wrap-6676 h3'  data-responsive-json-new='{\"font-size\":\"desktop:16px;\",\"line-height\":\"desktop:24px;\"}'  style=\"\">Festlegung offizieller Formalit\u00e4ten und Erhalt einer Baugenehmigung<\/h3><div class=\"icon_description_text ult-responsive\"  data-ultimate-target='#Info-list-wrap-6676 .icon_description_text'  data-responsive-json-new='{\"font-size\":\"desktop:13px;\",\"line-height\":\"desktop:18px;\"}'  style=\"\"><\/div><\/div><div class=\"icon_list_connector\"  style=\"border-right-width: 1px;border-right-style: dashed;border-color: #cccccc;\"><\/div><\/li><li class=\"icon_list_item\" style=\" font-size:42px;\"><div class=\"icon_list_icon\" data-animation=\"\" data-animation-delay=\"03\" style=\"font-size:14px;border-width:1px;border-style:none;background:#0a5185;color:#ffffff;border-color:#333333;\"><i class=\"icomoon-the7-font-the7-arrow-29-2\" ><\/i><\/div><div class=\"icon_description\" id=\"Info-list-wrap-3269\" style=\"font-size:14px;\"><h3 class=\"ult-responsive info-list-heading\"  data-ultimate-target='#Info-list-wrap-3269 h3'  data-responsive-json-new='{\"font-size\":\"desktop:16px;\",\"line-height\":\"desktop:24px;\"}'  style=\"\">Vorbereitung von Executive Designs<\/h3><div class=\"icon_description_text ult-responsive\"  data-ultimate-target='#Info-list-wrap-3269 .icon_description_text'  data-responsive-json-new='{\"font-size\":\"desktop:13px;\",\"line-height\":\"desktop:18px;\"}'  style=\"\"><\/div><\/div><div class=\"icon_list_connector\"  style=\"border-right-width: 1px;border-right-style: dashed;border-color: #cccccc;\"><\/div><\/li><li class=\"icon_list_item\" style=\" font-size:42px;\"><div class=\"icon_list_icon\" data-animation=\"\" data-animation-delay=\"03\" style=\"font-size:14px;border-width:1px;border-style:none;background:#0a5185;color:#ffffff;border-color:#333333;\"><i class=\"icomoon-the7-font-the7-arrow-29-2\" ><\/i><\/div><div class=\"icon_description\" id=\"Info-list-wrap-3674\" style=\"font-size:14px;\"><h3 class=\"ult-responsive info-list-heading\"  data-ultimate-target='#Info-list-wrap-3674 h3'  data-responsive-json-new='{\"font-size\":\"desktop:16px;\",\"line-height\":\"desktop:24px;\"}'  style=\"\">Projektoptimierung<\/h3><div class=\"icon_description_text ult-responsive\"  data-ultimate-target='#Info-list-wrap-3674 .icon_description_text'  data-responsive-json-new='{\"font-size\":\"desktop:13px;\",\"line-height\":\"desktop:18px;\"}'  style=\"\"><\/div><\/div><div class=\"icon_list_connector\"  style=\"border-right-width: 1px;border-right-style: dashed;border-color: #cccccc;\"><\/div><\/li><li class=\"icon_list_item\" style=\" font-size:42px;\"><div class=\"icon_list_icon\" data-animation=\"\" data-animation-delay=\"03\" style=\"font-size:14px;border-width:1px;border-style:none;background:#0a5185;color:#ffffff;border-color:#333333;\"><i class=\"icomoon-the7-font-the7-arrow-29-2\" ><\/i><\/div><div class=\"icon_description\" id=\"Info-list-wrap-6969\" style=\"font-size:14px;\"><h3 class=\"ult-responsive info-list-heading\"  data-ultimate-target='#Info-list-wrap-6969 h3'  data-responsive-json-new='{\"font-size\":\"desktop:16px;\",\"line-height\":\"desktop:24px;\"}'  style=\"\">Optimierung der Investitionskosten<\/h3><div class=\"icon_description_text ult-responsive\"  data-ultimate-target='#Info-list-wrap-6969 .icon_description_text'  data-responsive-json-new='{\"font-size\":\"desktop:13px;\",\"line-height\":\"desktop:18px;\"}'  style=\"\"><\/div><\/div><div class=\"icon_list_connector\"  style=\"border-right-width: 1px;border-right-style: dashed;border-color: #cccccc;\"><\/div><\/li><li class=\"icon_list_item\" style=\" font-size:42px;\"><div class=\"icon_list_icon\" data-animation=\"\" data-animation-delay=\"03\" style=\"font-size:14px;border-width:1px;border-style:none;background:#0a5185;color:#ffffff;border-color:#333333;\"><i class=\"icomoon-the7-font-the7-arrow-29-2\" ><\/i><\/div><div class=\"icon_description\" id=\"Info-list-wrap-7132\" style=\"font-size:14px;\"><h3 class=\"ult-responsive info-list-heading\"  data-ultimate-target='#Info-list-wrap-7132 h3'  data-responsive-json-new='{\"font-size\":\"desktop:16px;\",\"line-height\":\"desktop:24px;\"}'  style=\"\">Umfassende Investitionsumsetzung<\/h3><div class=\"icon_description_text ult-responsive\"  data-ultimate-target='#Info-list-wrap-7132 .icon_description_text'  data-responsive-json-new='{\"font-size\":\"desktop:13px;\",\"line-height\":\"desktop:18px;\"}'  style=\"\"><\/div><\/div><div class=\"icon_list_connector\"  style=\"border-right-width: 1px;border-right-style: dashed;border-color: #cccccc;\"><\/div><\/li><li class=\"icon_list_item\" style=\" font-size:42px;\"><div class=\"icon_list_icon\" data-animation=\"\" data-animation-delay=\"03\" style=\"font-size:14px;border-width:1px;border-style:none;background:#0a5185;color:#ffffff;border-color:#333333;\"><i class=\"icomoon-the7-font-the7-arrow-29-2\" ><\/i><\/div><div class=\"icon_description\" id=\"Info-list-wrap-8486\" style=\"font-size:14px;\"><h3 class=\"ult-responsive info-list-heading\"  data-ultimate-target='#Info-list-wrap-8486 h3'  data-responsive-json-new='{\"font-size\":\"desktop:16px;\",\"line-height\":\"desktop:24px;\"}'  style=\"\">Volle Koordination der Arbeiten w\u00e4hrend der Durchf\u00fchrung der Investition<\/h3><div class=\"icon_description_text ult-responsive\"  data-ultimate-target='#Info-list-wrap-8486 .icon_description_text'  data-responsive-json-new='{\"font-size\":\"desktop:13px;\",\"line-height\":\"desktop:18px;\"}'  style=\"\"><\/div><\/div><div class=\"icon_list_connector\"  style=\"border-right-width: 1px;border-right-style: dashed;border-color: #cccccc;\"><\/div><\/li><li class=\"icon_list_item\" style=\" font-size:42px;\"><div class=\"icon_list_icon\" data-animation=\"\" data-animation-delay=\"03\" style=\"font-size:14px;border-width:1px;border-style:none;background:#0a5185;color:#ffffff;border-color:#333333;\"><i class=\"icomoon-the7-font-the7-arrow-29-2\" ><\/i><\/div><div class=\"icon_description\" id=\"Info-list-wrap-8256\" style=\"font-size:14px;\"><h3 class=\"ult-responsive info-list-heading\"  data-ultimate-target='#Info-list-wrap-8256 h3'  data-responsive-json-new='{\"font-size\":\"desktop:16px;\",\"line-height\":\"desktop:24px;\"}'  style=\"\">Unterst\u00fctzung bei der Erlangung von Sammlung und Genehmigungen<\/h3><div class=\"icon_description_text ult-responsive\"  data-ultimate-target='#Info-list-wrap-8256 .icon_description_text'  data-responsive-json-new='{\"font-size\":\"desktop:13px;\",\"line-height\":\"desktop:18px;\"}'  style=\"\"><\/div><\/div><div class=\"icon_list_connector\"  style=\"border-right-width: 1px;border-right-style: dashed;border-color: #cccccc;\"><\/div><\/li><\/ul><\/div>[\/vc_column][\/vc_row][vc_row css=&#8220;.vc_custom_1589287744172{margin: 0px !important;padding: 0px !important;}&#8220;][vc_column el_id=&#8220;sticky-sidebar-end&#8220;][\/vc_column][\/vc_row]<\/p>\n<\/div>","protected":false},"excerpt":{"rendered":"<p>[vc_row][vc_column width=&#8220;1\/4&#8243; el_id=&#8220;sticky-sidebar&#8220; offset=&#8220;vc_hidden-xs&#8220;][vc_single_image image=&#8220;1936&#8243; img_size=&#8220;full&#8220;][\/vc_column][vc_column width=&#8220;3\/4&#8243;][vc_column_text css=&#8220;.vc_custom_1589223707778{margin-top: 30px !important;margin-bottom: 30px !important;}&#8220;] Wir sichern unseren Kunden komplexe Bedienung im Bereich, wie folgt: [\/vc_column_text][vc_column_text]Der Betrieb Dombud Sp. z o.o. bietet komplexe Ausf\u00fchrung der Lagerhallen und Industrieobjekte an, von dem Entwurf bis zur Abgabe des schl\u00fcsselfertigen Objektes einschlie\u00dflich. Wir besitzen unentbehrliche Erfahrung und Wissen, damit der Investitionsprozess&hellip;<\/p>\n","protected":false},"author":2,"featured_media":0,"parent":0,"menu_order":0,"comment_status":"closed","ping_status":"closed","template":"","meta":{"footnotes":""},"class_list":["post-1690","page","type-page","status-publish","hentry","description-off"],"yoast_head":"<!-- This site is optimized with the Yoast SEO plugin v26.0 - https:\/\/yoast.com\/wordpress\/plugins\/seo\/ -->\n<title>Generalaus f\u00fchrung - DOMBUD<\/title>\n<meta name=\"robots\" content=\"index, follow, max-snippet:-1, max-image-preview:large, max-video-preview:-1\" \/>\n<link rel=\"canonical\" href=\"https:\/\/dombud.com\/de\/generalaus-fuehrung\/\" \/>\n<meta property=\"og:locale\" content=\"de_DE\" \/>\n<meta property=\"og:type\" content=\"article\" \/>\n<meta property=\"og:title\" content=\"Generalaus f\u00fchrung - DOMBUD\" \/>\n<meta property=\"og:description\" content=\"[vc_row][vc_column width=&#8220;1\/4&#8243; el_id=&#8220;sticky-sidebar&#8220; offset=&#8220;vc_hidden-xs&#8220;][vc_single_image image=&#8220;1936&#8243; img_size=&#8220;full&#8220;][\/vc_column][vc_column width=&#8220;3\/4&#8243;][vc_column_text css=&#8220;.vc_custom_1589223707778{margin-top: 30px !important;margin-bottom: 30px !important;}&#8220;] Wir sichern unseren Kunden komplexe Bedienung im Bereich, wie folgt: [\/vc_column_text][vc_column_text]Der Betrieb Dombud Sp. z o.o. bietet komplexe Ausf\u00fchrung der Lagerhallen und Industrieobjekte an, von dem Entwurf bis zur Abgabe des schl\u00fcsselfertigen Objektes einschlie\u00dflich. Wir besitzen unentbehrliche Erfahrung und Wissen, damit der Investitionsprozess&hellip;\" \/>\n<meta property=\"og:url\" content=\"https:\/\/dombud.com\/de\/generalaus-fuehrung\/\" \/>\n<meta property=\"og:site_name\" content=\"DOMBUD\" \/>\n<meta property=\"article:modified_time\" content=\"2020-05-26T12:45:23+00:00\" \/>\n<meta name=\"twitter:card\" content=\"summary_large_image\" \/>\n<meta name=\"twitter:label1\" content=\"Gesch\u00e4tzte Lesezeit\" \/>\n\t<meta name=\"twitter:data1\" content=\"2\u00a0Minuten\" \/>\n<script type=\"application\/ld+json\" class=\"yoast-schema-graph\">{\"@context\":\"https:\/\/schema.org\",\"@graph\":[{\"@type\":\"WebPage\",\"@id\":\"https:\/\/dombud.com\/de\/generalaus-fuehrung\/\",\"url\":\"https:\/\/dombud.com\/de\/generalaus-fuehrung\/\",\"name\":\"Generalaus f\u00fchrung - DOMBUD\",\"isPartOf\":{\"@id\":\"https:\/\/dombud.com\/de\/#website\"},\"datePublished\":\"2020-05-21T02:21:32+00:00\",\"dateModified\":\"2020-05-26T12:45:23+00:00\",\"breadcrumb\":{\"@id\":\"https:\/\/dombud.com\/de\/generalaus-fuehrung\/#breadcrumb\"},\"inLanguage\":\"de\",\"potentialAction\":[{\"@type\":\"ReadAction\",\"target\":[\"https:\/\/dombud.com\/de\/generalaus-fuehrung\/\"]}]},{\"@type\":\"BreadcrumbList\",\"@id\":\"https:\/\/dombud.com\/de\/generalaus-fuehrung\/#breadcrumb\",\"itemListElement\":[{\"@type\":\"ListItem\",\"position\":1,\"name\":\"Strona g\u0142\u00f3wna\",\"item\":\"https:\/\/dombud.com\/de\/\"},{\"@type\":\"ListItem\",\"position\":2,\"name\":\"Generalaus f\u00fchrung\"}]},{\"@type\":\"WebSite\",\"@id\":\"https:\/\/dombud.com\/de\/#website\",\"url\":\"https:\/\/dombud.com\/de\/\",\"name\":\"DOMBUD\",\"description\":\"TW\u00d3J PARTNER W BUDOWNICTWIE\",\"potentialAction\":[{\"@type\":\"SearchAction\",\"target\":{\"@type\":\"EntryPoint\",\"urlTemplate\":\"https:\/\/dombud.com\/de\/?s={search_term_string}\"},\"query-input\":{\"@type\":\"PropertyValueSpecification\",\"valueRequired\":true,\"valueName\":\"search_term_string\"}}],\"inLanguage\":\"de\"}]}<\/script>\n<!-- \/ Yoast SEO plugin. -->","yoast_head_json":{"title":"Generalaus f\u00fchrung - DOMBUD","robots":{"index":"index","follow":"follow","max-snippet":"max-snippet:-1","max-image-preview":"max-image-preview:large","max-video-preview":"max-video-preview:-1"},"canonical":"https:\/\/dombud.com\/de\/generalaus-fuehrung\/","og_locale":"de_DE","og_type":"article","og_title":"Generalaus f\u00fchrung - DOMBUD","og_description":"[vc_row][vc_column width=&#8220;1\/4&#8243; el_id=&#8220;sticky-sidebar&#8220; offset=&#8220;vc_hidden-xs&#8220;][vc_single_image image=&#8220;1936&#8243; img_size=&#8220;full&#8220;][\/vc_column][vc_column width=&#8220;3\/4&#8243;][vc_column_text css=&#8220;.vc_custom_1589223707778{margin-top: 30px !important;margin-bottom: 30px !important;}&#8220;] Wir sichern unseren Kunden komplexe Bedienung im Bereich, wie folgt: [\/vc_column_text][vc_column_text]Der Betrieb Dombud Sp. z o.o. bietet komplexe Ausf\u00fchrung der Lagerhallen und Industrieobjekte an, von dem Entwurf bis zur Abgabe des schl\u00fcsselfertigen Objektes einschlie\u00dflich. Wir besitzen unentbehrliche Erfahrung und Wissen, damit der Investitionsprozess&hellip;","og_url":"https:\/\/dombud.com\/de\/generalaus-fuehrung\/","og_site_name":"DOMBUD","article_modified_time":"2020-05-26T12:45:23+00:00","twitter_card":"summary_large_image","twitter_misc":{"Gesch\u00e4tzte Lesezeit":"2\u00a0Minuten"},"schema":{"@context":"https:\/\/schema.org","@graph":[{"@type":"WebPage","@id":"https:\/\/dombud.com\/de\/generalaus-fuehrung\/","url":"https:\/\/dombud.com\/de\/generalaus-fuehrung\/","name":"Generalaus f\u00fchrung - DOMBUD","isPartOf":{"@id":"https:\/\/dombud.com\/de\/#website"},"datePublished":"2020-05-21T02:21:32+00:00","dateModified":"2020-05-26T12:45:23+00:00","breadcrumb":{"@id":"https:\/\/dombud.com\/de\/generalaus-fuehrung\/#breadcrumb"},"inLanguage":"de","potentialAction":[{"@type":"ReadAction","target":["https:\/\/dombud.com\/de\/generalaus-fuehrung\/"]}]},{"@type":"BreadcrumbList","@id":"https:\/\/dombud.com\/de\/generalaus-fuehrung\/#breadcrumb","itemListElement":[{"@type":"ListItem","position":1,"name":"Strona g\u0142\u00f3wna","item":"https:\/\/dombud.com\/de\/"},{"@type":"ListItem","position":2,"name":"Generalaus f\u00fchrung"}]},{"@type":"WebSite","@id":"https:\/\/dombud.com\/de\/#website","url":"https:\/\/dombud.com\/de\/","name":"DOMBUD","description":"TW\u00d3J PARTNER W BUDOWNICTWIE","potentialAction":[{"@type":"SearchAction","target":{"@type":"EntryPoint","urlTemplate":"https:\/\/dombud.com\/de\/?s={search_term_string}"},"query-input":{"@type":"PropertyValueSpecification","valueRequired":true,"valueName":"search_term_string"}}],"inLanguage":"de"}]}},"_links":{"self":[{"href":"https:\/\/dombud.com\/de\/wp-json\/wp\/v2\/pages\/1690","targetHints":{"allow":["GET"]}}],"collection":[{"href":"https:\/\/dombud.com\/de\/wp-json\/wp\/v2\/pages"}],"about":[{"href":"https:\/\/dombud.com\/de\/wp-json\/wp\/v2\/types\/page"}],"author":[{"embeddable":true,"href":"https:\/\/dombud.com\/de\/wp-json\/wp\/v2\/users\/2"}],"replies":[{"embeddable":true,"href":"https:\/\/dombud.com\/de\/wp-json\/wp\/v2\/comments?post=1690"}],"version-history":[{"count":4,"href":"https:\/\/dombud.com\/de\/wp-json\/wp\/v2\/pages\/1690\/revisions"}],"predecessor-version":[{"id":2819,"href":"https:\/\/dombud.com\/de\/wp-json\/wp\/v2\/pages\/1690\/revisions\/2819"}],"wp:attachment":[{"href":"https:\/\/dombud.com\/de\/wp-json\/wp\/v2\/media?parent=1690"}],"curies":[{"name":"wp","href":"https:\/\/api.w.org\/{rel}","templated":true}]}}