{"id":1683,"date":"2020-05-20T23:51:33","date_gmt":"2020-05-20T21:51:33","guid":{"rendered":"https:\/\/dombud.com\/geschichte-der-firma\/"},"modified":"2020-07-06T12:11:42","modified_gmt":"2020-07-06T10:11:42","slug":"geschichte-unternehmensberatung","status":"publish","type":"page","link":"https:\/\/dombud.com\/de\/geschichte-unternehmensberatung\/","title":{"rendered":"Geschichte Unternehmensberatung"},"content":{"rendered":"<div class=\"wpb-content-wrapper\"><p>[vc_row css=&#8220;.vc_custom_1589212466137{padding-bottom: 35px !important;}&#8220;][vc_column width=&#8220;1\/4&#8243; offset=&#8220;vc_hidden-xs&#8220; el_id=&#8220;sticky-sidebar&#8220;][vc_single_image image=&#8220;1800&#8243; img_size=&#8220;full&#8220;][\/vc_column][vc_column width=&#8220;3\/4&#8243;][vc_column_text]<\/p>\n<h3>Die Firma hat ihre T\u00e4tigkeit im Jahr 1990 angefangen. In diesem Jahr haben zwei Br\u00fcder gemeinsames Unternehmen unter dem Namen Unternehmen DOMBUD Gesellschaft mit Beschr\u00e4nkter Haftung begonnen.<\/h3>\n<p>[\/vc_column_text][vc_empty_space][vc_column_text]Am Anfang der T\u00e4tigkeit begann die Firma schwierigen Weg von eigenem Bauen des Bilds und der Leistungsf\u00e4higkeit, indem sie \u00fcber Kapital und Mitarbeiter verf\u00fcgt Erste abgewickelte Auftr\u00e4ge waren mit der Ausnutzung der Bau-Reparatur-Arbeiten verbunden. Mit dem Zeitablauf stellte sich der Firma DOMBUD immer gr\u00f6ssere Herausforderungen, indem sie immer mehrere Anzahl der Auftr\u00e4ge abwickelte. Zusammen mit der systematischen Entwicklung hat die Firma ihr Kapital vergr\u00f6ssert. Stabile Lage verursachte, dass die Besitzer im Jahr 1995 das Grundst\u00fcck in der Ludomiry Namys\u0142-Strasse in Odolan\u00f3w gekauft haben, auf dem das erste Herstellungswerk der Stahlkonstruktionen err\u00f6ffnet wurde.[\/vc_column_text][vc_empty_space][vc_single_image image=&#8220;1494&#8243; img_size=&#8220;full&#8220; add_caption=&#8220;yes&#8220;][vc_empty_space][vc_column_text]Am Anfang wurden kleine Kl\u00e4ranlagen gebaut, mit der Zeit immer gr\u00f6\u00dfere Stahlkonstruktionen der Raumhallen. Erfolgreiche T\u00e4tigkeit der Firma DOMBUD trug dazu bei, dass die Firma immer gr\u00f6\u00dfere und immer komplexere Investitionen realisierte. Einzige Beschr\u00e4nkung war damals nicht ausreichender Produktionsraum. Das hat die Eigent\u00fcmer dazu gezwungen, um im Jahr 2005 viel gr\u00f6\u00dferes Herstellwerk der Stahlkonstruktionen zu bauen. Die Investition zeigte, das war Treffen ins Schwarze. Mit der realisierten Investition konnte Produktion vergr\u00f6\u00dfert werden, und dadurch auch \u2013 Kapital der Gesellschaft.[\/vc_column_text][vc_empty_space][vc_single_image image=&#8220;1496&#8243; img_size=&#8220;full&#8220; add_caption=&#8220;yes&#8220;][vc_empty_space][vc_column_text]Im Jahr 2013 hat Vorstand der Gesellschaft die Entscheidung getroffen, um das Herstellwerk der Stahlkonstruktionen weiter auszubauen, weil die Produktionskapazit\u00e4ten f\u00fcr die Abwicklung der Aussen-und-Innen-Auftr\u00e4ge nicht ausreichend waren. Im Jahr 2015 wurde weiterer Ausbau des Herstellwerks um weitere drei Produktionshallen der Stahlkonstruktionen und Baugeb\u00e4ude beendet.[\/vc_column_text][vc_empty_space][vc_single_image image=&#8220;1498&#8243; img_size=&#8220;full&#8220; add_caption=&#8220;yes&#8220;][vc_empty_space][\/vc_column][\/vc_row][vc_row full_width=&#8220;stretch_row_content_no_spaces&#8220; content_placement=&#8220;middle&#8220; css=&#8220;.vc_custom_1589286812480{padding-top: 50px !important;padding-right: 40px !important;padding-bottom: 50px !important;padding-left: 40px !important;background-color: #0a5185 !important;}&#8220; el_id=&#8220;sticky-sidebar-end&#8220;][vc_column css=&#8220;.vc_custom_1502873216424{padding-top: 0px !important;}&#8220;][vc_column_text]<\/p>\n<h3 style=\"text-align: center;\"><span style=\"color: #f9f9f9;\">Zur zeit besch\u00e4ftigt die firma ca. 150 mitarbeiter, darin erfahrenes ingenieur-technisches personal.<\/span><\/h3>\n<p>[\/vc_column_text][\/vc_column][\/vc_row]<\/p>\n<\/div>","protected":false},"excerpt":{"rendered":"<p>[vc_row css=&#8220;.vc_custom_1589212466137{padding-bottom: 35px !important;}&#8220;][vc_column width=&#8220;1\/4&#8243; offset=&#8220;vc_hidden-xs&#8220; el_id=&#8220;sticky-sidebar&#8220;][vc_single_image image=&#8220;1800&#8243; img_size=&#8220;full&#8220;][\/vc_column][vc_column width=&#8220;3\/4&#8243;][vc_column_text] Die Firma hat ihre T\u00e4tigkeit im Jahr 1990 angefangen. In diesem Jahr haben zwei Br\u00fcder gemeinsames Unternehmen unter dem Namen Unternehmen DOMBUD Gesellschaft mit Beschr\u00e4nkter Haftung begonnen. [\/vc_column_text][vc_empty_space][vc_column_text]Am Anfang der T\u00e4tigkeit begann die Firma schwierigen Weg von eigenem Bauen des Bilds und der Leistungsf\u00e4higkeit, indem&hellip;<\/p>\n","protected":false},"author":2,"featured_media":0,"parent":0,"menu_order":0,"comment_status":"closed","ping_status":"closed","template":"","meta":{"footnotes":""},"class_list":["post-1683","page","type-page","status-publish","hentry","description-off"],"yoast_head":"<!-- This site is optimized with the Yoast SEO plugin v26.0 - https:\/\/yoast.com\/wordpress\/plugins\/seo\/ -->\n<title>Geschichte Unternehmensberatung - DOMBUD<\/title>\n<meta name=\"robots\" content=\"index, follow, max-snippet:-1, max-image-preview:large, max-video-preview:-1\" \/>\n<link rel=\"canonical\" href=\"https:\/\/dombud.com\/de\/geschichte-unternehmensberatung\/\" \/>\n<meta property=\"og:locale\" content=\"de_DE\" \/>\n<meta property=\"og:type\" content=\"article\" \/>\n<meta property=\"og:title\" content=\"Geschichte Unternehmensberatung - DOMBUD\" \/>\n<meta property=\"og:description\" content=\"[vc_row css=&#8220;.vc_custom_1589212466137{padding-bottom: 35px !important;}&#8220;][vc_column width=&#8220;1\/4&#8243; offset=&#8220;vc_hidden-xs&#8220; el_id=&#8220;sticky-sidebar&#8220;][vc_single_image image=&#8220;1800&#8243; img_size=&#8220;full&#8220;][\/vc_column][vc_column width=&#8220;3\/4&#8243;][vc_column_text] Die Firma hat ihre T\u00e4tigkeit im Jahr 1990 angefangen. In diesem Jahr haben zwei Br\u00fcder gemeinsames Unternehmen unter dem Namen Unternehmen DOMBUD Gesellschaft mit Beschr\u00e4nkter Haftung begonnen. [\/vc_column_text][vc_empty_space][vc_column_text]Am Anfang der T\u00e4tigkeit begann die Firma schwierigen Weg von eigenem Bauen des Bilds und der Leistungsf\u00e4higkeit, indem&hellip;\" \/>\n<meta property=\"og:url\" content=\"https:\/\/dombud.com\/de\/geschichte-unternehmensberatung\/\" \/>\n<meta property=\"og:site_name\" content=\"DOMBUD\" \/>\n<meta property=\"article:modified_time\" content=\"2020-07-06T10:11:42+00:00\" \/>\n<meta name=\"twitter:card\" content=\"summary_large_image\" \/>\n<meta name=\"twitter:label1\" content=\"Gesch\u00e4tzte Lesezeit\" \/>\n\t<meta name=\"twitter:data1\" content=\"2\u00a0Minuten\" \/>\n<script type=\"application\/ld+json\" class=\"yoast-schema-graph\">{\"@context\":\"https:\/\/schema.org\",\"@graph\":[{\"@type\":\"WebPage\",\"@id\":\"https:\/\/dombud.com\/de\/geschichte-unternehmensberatung\/\",\"url\":\"https:\/\/dombud.com\/de\/geschichte-unternehmensberatung\/\",\"name\":\"Geschichte Unternehmensberatung - DOMBUD\",\"isPartOf\":{\"@id\":\"https:\/\/dombud.com\/de\/#website\"},\"datePublished\":\"2020-05-20T21:51:33+00:00\",\"dateModified\":\"2020-07-06T10:11:42+00:00\",\"breadcrumb\":{\"@id\":\"https:\/\/dombud.com\/de\/geschichte-unternehmensberatung\/#breadcrumb\"},\"inLanguage\":\"de\",\"potentialAction\":[{\"@type\":\"ReadAction\",\"target\":[\"https:\/\/dombud.com\/de\/geschichte-unternehmensberatung\/\"]}]},{\"@type\":\"BreadcrumbList\",\"@id\":\"https:\/\/dombud.com\/de\/geschichte-unternehmensberatung\/#breadcrumb\",\"itemListElement\":[{\"@type\":\"ListItem\",\"position\":1,\"name\":\"Strona g\u0142\u00f3wna\",\"item\":\"https:\/\/dombud.com\/de\/\"},{\"@type\":\"ListItem\",\"position\":2,\"name\":\"Geschichte Unternehmensberatung\"}]},{\"@type\":\"WebSite\",\"@id\":\"https:\/\/dombud.com\/de\/#website\",\"url\":\"https:\/\/dombud.com\/de\/\",\"name\":\"DOMBUD\",\"description\":\"TW\u00d3J PARTNER W BUDOWNICTWIE\",\"potentialAction\":[{\"@type\":\"SearchAction\",\"target\":{\"@type\":\"EntryPoint\",\"urlTemplate\":\"https:\/\/dombud.com\/de\/?s={search_term_string}\"},\"query-input\":{\"@type\":\"PropertyValueSpecification\",\"valueRequired\":true,\"valueName\":\"search_term_string\"}}],\"inLanguage\":\"de\"}]}<\/script>\n<!-- \/ Yoast SEO plugin. -->","yoast_head_json":{"title":"Geschichte Unternehmensberatung - DOMBUD","robots":{"index":"index","follow":"follow","max-snippet":"max-snippet:-1","max-image-preview":"max-image-preview:large","max-video-preview":"max-video-preview:-1"},"canonical":"https:\/\/dombud.com\/de\/geschichte-unternehmensberatung\/","og_locale":"de_DE","og_type":"article","og_title":"Geschichte Unternehmensberatung - DOMBUD","og_description":"[vc_row css=&#8220;.vc_custom_1589212466137{padding-bottom: 35px !important;}&#8220;][vc_column width=&#8220;1\/4&#8243; offset=&#8220;vc_hidden-xs&#8220; el_id=&#8220;sticky-sidebar&#8220;][vc_single_image image=&#8220;1800&#8243; img_size=&#8220;full&#8220;][\/vc_column][vc_column width=&#8220;3\/4&#8243;][vc_column_text] Die Firma hat ihre T\u00e4tigkeit im Jahr 1990 angefangen. In diesem Jahr haben zwei Br\u00fcder gemeinsames Unternehmen unter dem Namen Unternehmen DOMBUD Gesellschaft mit Beschr\u00e4nkter Haftung begonnen. [\/vc_column_text][vc_empty_space][vc_column_text]Am Anfang der T\u00e4tigkeit begann die Firma schwierigen Weg von eigenem Bauen des Bilds und der Leistungsf\u00e4higkeit, indem&hellip;","og_url":"https:\/\/dombud.com\/de\/geschichte-unternehmensberatung\/","og_site_name":"DOMBUD","article_modified_time":"2020-07-06T10:11:42+00:00","twitter_card":"summary_large_image","twitter_misc":{"Gesch\u00e4tzte Lesezeit":"2\u00a0Minuten"},"schema":{"@context":"https:\/\/schema.org","@graph":[{"@type":"WebPage","@id":"https:\/\/dombud.com\/de\/geschichte-unternehmensberatung\/","url":"https:\/\/dombud.com\/de\/geschichte-unternehmensberatung\/","name":"Geschichte Unternehmensberatung - DOMBUD","isPartOf":{"@id":"https:\/\/dombud.com\/de\/#website"},"datePublished":"2020-05-20T21:51:33+00:00","dateModified":"2020-07-06T10:11:42+00:00","breadcrumb":{"@id":"https:\/\/dombud.com\/de\/geschichte-unternehmensberatung\/#breadcrumb"},"inLanguage":"de","potentialAction":[{"@type":"ReadAction","target":["https:\/\/dombud.com\/de\/geschichte-unternehmensberatung\/"]}]},{"@type":"BreadcrumbList","@id":"https:\/\/dombud.com\/de\/geschichte-unternehmensberatung\/#breadcrumb","itemListElement":[{"@type":"ListItem","position":1,"name":"Strona g\u0142\u00f3wna","item":"https:\/\/dombud.com\/de\/"},{"@type":"ListItem","position":2,"name":"Geschichte Unternehmensberatung"}]},{"@type":"WebSite","@id":"https:\/\/dombud.com\/de\/#website","url":"https:\/\/dombud.com\/de\/","name":"DOMBUD","description":"TW\u00d3J PARTNER W BUDOWNICTWIE","potentialAction":[{"@type":"SearchAction","target":{"@type":"EntryPoint","urlTemplate":"https:\/\/dombud.com\/de\/?s={search_term_string}"},"query-input":{"@type":"PropertyValueSpecification","valueRequired":true,"valueName":"search_term_string"}}],"inLanguage":"de"}]}},"_links":{"self":[{"href":"https:\/\/dombud.com\/de\/wp-json\/wp\/v2\/pages\/1683","targetHints":{"allow":["GET"]}}],"collection":[{"href":"https:\/\/dombud.com\/de\/wp-json\/wp\/v2\/pages"}],"about":[{"href":"https:\/\/dombud.com\/de\/wp-json\/wp\/v2\/types\/page"}],"author":[{"embeddable":true,"href":"https:\/\/dombud.com\/de\/wp-json\/wp\/v2\/users\/2"}],"replies":[{"embeddable":true,"href":"https:\/\/dombud.com\/de\/wp-json\/wp\/v2\/comments?post=1683"}],"version-history":[{"count":10,"href":"https:\/\/dombud.com\/de\/wp-json\/wp\/v2\/pages\/1683\/revisions"}],"predecessor-version":[{"id":2899,"href":"https:\/\/dombud.com\/de\/wp-json\/wp\/v2\/pages\/1683\/revisions\/2899"}],"wp:attachment":[{"href":"https:\/\/dombud.com\/de\/wp-json\/wp\/v2\/media?parent=1683"}],"curies":[{"name":"wp","href":"https:\/\/api.w.org\/{rel}","templated":true}]}}